{"id":4044,"date":"2023-08-09T16:09:09","date_gmt":"2023-08-09T14:09:09","guid":{"rendered":"https:\/\/staging.mass-voll.ch\/?page_id=4044"},"modified":"2023-08-15T22:33:37","modified_gmt":"2023-08-15T20:33:37","slug":"impresso","status":"publish","type":"page","link":"https:\/\/staging.mass-voll.ch\/it\/impresso\/","title":{"rendered":"Impresso"},"content":{"rendered":"\t\t<div data-elementor-type=\"wp-page\" data-elementor-id=\"4044\" class=\"elementor elementor-4044 elementor-4041\" data-elementor-post-type=\"page\">\n\t\t\t\t<div class=\"elementor-element elementor-element-215e539 e-flex e-con-boxed e-con e-parent\" data-id=\"215e539\" data-element_type=\"container\">\n\t\t\t\t\t<div class=\"e-con-inner\">\n\t\t\t\t<div class=\"elementor-element elementor-element-dfe6723 elementor-widget elementor-widget-spacer\" data-id=\"dfe6723\" data-element_type=\"widget\" data-widget_type=\"spacer.default\">\n\t\t\t\t<div class=\"elementor-widget-container\">\n\t\t\t\t\t\t\t<div class=\"elementor-spacer\">\n\t\t\t<div class=\"elementor-spacer-inner\"><\/div>\n\t\t<\/div>\n\t\t\t\t\t\t<\/div>\n\t\t\t\t<\/div>\n\t\t\t\t\t<\/div>\n\t\t\t\t<\/div>\n\t\t<div class=\"elementor-element elementor-element-7a08da5 e-con-full e-flex e-con e-parent\" data-id=\"7a08da5\" data-element_type=\"container\">\n\t\t<div class=\"elementor-element elementor-element-ec89fca e-con-full e-flex e-con e-parent\" data-id=\"ec89fca\" data-element_type=\"container\">\n\t\t<div class=\"elementor-element elementor-element-0f2c213 e-con-full e-flex e-con e-parent\" data-id=\"0f2c213\" data-element_type=\"container\">\n\t\t<div class=\"elementor-element elementor-element-9e3674f e-flex e-con-boxed e-con e-parent\" data-id=\"9e3674f\" data-element_type=\"container\" data-settings=\"{&quot;sticky&quot;:&quot;top&quot;,&quot;sticky_on&quot;:[&quot;desktop&quot;],&quot;sticky_offset&quot;:110,&quot;sticky_parent&quot;:&quot;yes&quot;,&quot;sticky_effects_offset&quot;:0,&quot;sticky_anchor_link_offset&quot;:0}\">\n\t\t\t\t\t<div class=\"e-con-inner\">\n\t\t<div class=\"elementor-element elementor-element-36d39f4 e-flex e-con-boxed e-con e-parent\" data-id=\"36d39f4\" data-element_type=\"container\">\n\t\t\t\t\t<div class=\"e-con-inner\">\n\t\t\t\t<div class=\"elementor-element elementor-element-8e9fe44 elementor-widget elementor-widget-heading\" data-id=\"8e9fe44\" data-element_type=\"widget\" data-widget_type=\"heading.default\">\n\t\t\t\t<div class=\"elementor-widget-container\">\n\t\t\t\t\t<h2 class=\"elementor-heading-title elementor-size-default\">Impresso<\/h2>\t\t\t\t<\/div>\n\t\t\t\t<\/div>\n\t\t\t\t<div class=\"elementor-element elementor-element-70b0839 elementor-widget elementor-widget-text-editor\" data-id=\"70b0839\" data-element_type=\"widget\" data-widget_type=\"text-editor.default\">\n\t\t\t\t<div class=\"elementor-widget-container\">\n\t\t\t\t\t\t\t\t\t<p><strong><br \/>Indirizzo di contatto<br \/>\u200d<\/strong>MASS-VOLL!<br \/>Casella postale<br \/>8021 Zurigo<br \/>E-mail:<br \/><a href=\"mailto:contatto@mass-voll.ch\">contatto@mass-voll.ch<\/a><br \/><br \/><strong>Persona autorizzata a rappresentare<\/strong><br \/>Nicolas A. Rimoldi, Presidente<\/p>\t\t\t\t\t\t\t\t<\/div>\n\t\t\t\t<\/div>\n\t\t\t\t\t<\/div>\n\t\t\t\t<\/div>\n\t\t\t\t\t<\/div>\n\t\t\t\t<\/div>\n\t\t\t\t<\/div>\n\t\t\t\t<\/div>\n\t\t<div class=\"elementor-element elementor-element-f1d0021 e-con-full e-flex e-con e-parent\" data-id=\"f1d0021\" data-element_type=\"container\" data-settings=\"{&quot;background_background&quot;:&quot;classic&quot;}\">\n\t\t<div class=\"elementor-element elementor-element-4cd5ff9 e-con-full e-flex e-con e-parent\" data-id=\"4cd5ff9\" data-element_type=\"container\">\n\t\t<div class=\"elementor-element elementor-element-4809fde e-flex e-con-boxed e-con e-parent\" data-id=\"4809fde\" data-element_type=\"container\">\n\t\t\t\t\t<div class=\"e-con-inner\">\n\t\t\t\t\t<\/div>\n\t\t\t\t<\/div>\n\t\t\t\t<\/div>\n\t\t\t\t<\/div>\n\t\t\t\t<\/div>\n\t\t<div class=\"elementor-element elementor-element-03a8c21 e-con-full e-flex e-con e-parent\" data-id=\"03a8c21\" data-element_type=\"container\">\n\t\t<div class=\"elementor-element elementor-element-d875f53 e-con-full e-flex e-con e-parent\" data-id=\"d875f53\" data-element_type=\"container\">\n\t\t<div class=\"elementor-element elementor-element-72b1775 e-con-full e-flex e-con e-parent\" data-id=\"72b1775\" data-element_type=\"container\">\n\t\t<div class=\"elementor-element elementor-element-cd2a98c e-flex e-con-boxed e-con e-parent\" data-id=\"cd2a98c\" data-element_type=\"container\" data-settings=\"{&quot;sticky&quot;:&quot;top&quot;,&quot;sticky_on&quot;:[&quot;desktop&quot;,&quot;tablet&quot;],&quot;sticky_offset&quot;:110,&quot;sticky_parent&quot;:&quot;yes&quot;,&quot;sticky_effects_offset&quot;:0,&quot;sticky_anchor_link_offset&quot;:0}\">\n\t\t\t\t\t<div class=\"e-con-inner\">\n\t\t<div class=\"elementor-element elementor-element-4ec999e e-flex e-con-boxed e-con e-parent\" data-id=\"4ec999e\" data-element_type=\"container\">\n\t\t\t\t\t<div class=\"e-con-inner\">\n\t\t\t\t<div class=\"elementor-element elementor-element-bc5a667 elementor-widget elementor-widget-heading\" data-id=\"bc5a667\" data-element_type=\"widget\" data-widget_type=\"heading.default\">\n\t\t\t\t<div class=\"elementor-widget-container\">\n\t\t\t\t\t<h2 class=\"elementor-heading-title elementor-size-default\">Impresso<\/h2>\t\t\t\t<\/div>\n\t\t\t\t<\/div>\n\t\t\t\t\t<\/div>\n\t\t\t\t<\/div>\n\t\t\t\t\t<\/div>\n\t\t\t\t<\/div>\n\t\t\t\t<\/div>\n\t\t\t\t<\/div>\n\t\t<div class=\"elementor-element elementor-element-100f7bc e-con-full e-flex e-con e-parent\" data-id=\"100f7bc\" data-element_type=\"container\" data-settings=\"{&quot;background_background&quot;:&quot;classic&quot;}\">\n\t\t<div class=\"elementor-element elementor-element-80d51a5 e-con-full e-flex e-con e-parent\" data-id=\"80d51a5\" data-element_type=\"container\">\n\t\t<div class=\"elementor-element elementor-element-8733122 e-flex e-con-boxed e-con e-parent\" data-id=\"8733122\" data-element_type=\"container\">\n\t\t\t\t\t<div class=\"e-con-inner\">\n\t\t\t\t<div class=\"elementor-element elementor-element-6dfd6ad elementor-widget elementor-widget-text-editor\" data-id=\"6dfd6ad\" data-element_type=\"widget\" data-widget_type=\"text-editor.default\">\n\t\t\t\t<div class=\"elementor-widget-container\">\n\t\t\t\t\t\t\t\t\t<div id=\"top\" class=\"hero sub\" data-w-id=\"72e68fd0-a07d-c9f8-8918-929af37f750a\"><div class=\"container\"><div class=\"display-2-max-w\"><div class=\"margin-20px\"><div><p class=\"paragraph-2\"><strong>Esclusione di responsabilit\u00e0<br \/>\u200dL<\/strong>&#8216;autore non si assume alcuna responsabilit\u00e0 in merito alla correttezza, all&#8217;accuratezza, all&#8217;attualit\u00e0, all&#8217;affidabilit\u00e0 e alla completezza delle informazioni. Le richieste di responsabilit\u00e0 per danni causati dall&#8217;uso delle informazioni fornite, comprese quelle incomplete o errate, saranno pertanto respinte. Tutte le offerte non sono vincolanti. L&#8217;autore si riserva espressamente il diritto di modificare, integrare o cancellare parti delle pagine o l&#8217;intera offerta senza preavviso speciale o di interrompere temporaneamente o definitivamente la pubblicazione.<br \/><br \/><strong>Disclaimer per i link<br \/>\u200dReferenze<\/strong>e link a siti web di terzi non rientrano nella nostra sfera di responsabilit\u00e0. Si declina ogni responsabilit\u00e0 per tali siti web. L&#8217;accesso e l&#8217;utilizzo di tali siti web \u00e8 a rischio del rispettivo utente.<br \/><br \/><strong>Copyright<br \/>\u200dIl<\/strong>copyright e tutti gli altri diritti sui contenuti, le immagini, le foto o altri file di questo sito web appartengono esclusivamente\u00a0<strong>alla persona giuridica MASS-VOLL<\/strong>! o ai titolari dei diritti specificamente indicati. Per la riproduzione di qualsiasi elemento \u00e8 necessario ottenere preventivamente il consenso scritto del titolare del copyright.<br \/><br \/>Fonte:\u00a0<a class=\"fakten_uebersicht_link\" href=\"https:\/\/www.swissanwalt.ch\/\" target=\"_blank\" rel=\"noopener\">SwissAnwalt<\/a><\/p><\/div><\/div><\/div><\/div><\/div>\t\t\t\t\t\t\t\t<\/div>\n\t\t\t\t<\/div>\n\t\t\t\t\t<\/div>\n\t\t\t\t<\/div>\n\t\t\t\t<\/div>\n\t\t\t\t<\/div>\n\t\t\t\t<\/div>\n\t\t<div class=\"elementor-element elementor-element-0424b83 e-con-full e-flex e-con e-parent\" data-id=\"0424b83\" data-element_type=\"container\">\n\t\t\t\t<div class=\"elementor-element elementor-element-14805a3 elementor-widget elementor-widget-template\" data-id=\"14805a3\" data-element_type=\"widget\" data-widget_type=\"template.default\">\n\t\t\t\t<div class=\"elementor-widget-container\">\n\t\t\t\t\t\t\t<div class=\"elementor-template\">\n\t\t\t\t\t<div data-elementor-type=\"section\" data-elementor-id=\"5446\" class=\"elementor elementor-5446 elementor-5434\" data-elementor-post-type=\"elementor_library\">\n\t\t\t<div class=\"elementor-element elementor-element-3bb4ecb e-flex e-con-boxed e-con e-parent\" data-id=\"3bb4ecb\" data-element_type=\"container\" data-settings=\"{&quot;background_background&quot;:&quot;classic&quot;}\">\n\t\t\t\t\t<div class=\"e-con-inner\">\n\t\t<div class=\"elementor-element elementor-element-b27a55d e-con-full e-flex e-con e-parent\" data-id=\"b27a55d\" data-element_type=\"container\">\n\t\t<div class=\"elementor-element elementor-element-14e92b3 e-con-full e-flex e-con e-parent\" data-id=\"14e92b3\" data-element_type=\"container\">\n\t\t<div class=\"elementor-element elementor-element-fd2d8eb e-flex e-con-boxed e-con e-parent\" data-id=\"fd2d8eb\" data-element_type=\"container\" data-settings=\"{&quot;sticky&quot;:&quot;top&quot;,&quot;sticky_on&quot;:[&quot;desktop&quot;,&quot;tablet&quot;],&quot;sticky_offset&quot;:110,&quot;sticky_parent&quot;:&quot;yes&quot;,&quot;sticky_effects_offset&quot;:0,&quot;sticky_anchor_link_offset&quot;:0}\">\n\t\t\t\t\t<div class=\"e-con-inner\">\n\t\t<div class=\"elementor-element elementor-element-6c49410 e-flex e-con-boxed e-con e-parent\" data-id=\"6c49410\" data-element_type=\"container\">\n\t\t\t\t\t<div class=\"e-con-inner\">\n\t\t\t\t<div class=\"elementor-element elementor-element-0ed2d93 standout bg-violette elementor-widget elementor-widget-heading\" data-id=\"0ed2d93\" data-element_type=\"widget\" data-widget_type=\"heading.default\">\n\t\t\t\t<div class=\"elementor-widget-container\">\n\t\t\t\t\t<h1 class=\"elementor-heading-title elementor-size-default\">Supporto<\/h1>\t\t\t\t<\/div>\n\t\t\t\t<\/div>\n\t\t\t\t\t<\/div>\n\t\t\t\t<\/div>\n\t\t\t\t\t<\/div>\n\t\t\t\t<\/div>\n\t\t\t\t<\/div>\n\t\t\t\t<\/div>\n\t\t<div class=\"elementor-element elementor-element-363ce2a e-con-full e-flex e-con e-parent\" data-id=\"363ce2a\" data-element_type=\"container\" data-settings=\"{&quot;background_background&quot;:&quot;classic&quot;}\">\n\t\t<div class=\"elementor-element elementor-element-8f78156 e-con-full e-flex e-con e-parent\" data-id=\"8f78156\" data-element_type=\"container\">\n\t\t<div class=\"elementor-element elementor-element-190d814 e-flex e-con-boxed e-con e-parent\" data-id=\"190d814\" data-element_type=\"container\">\n\t\t\t\t\t<div class=\"e-con-inner\">\n\t\t\t\t<div class=\"elementor-element elementor-element-2bda737 standout bg-violette elementor-widget elementor-widget-heading\" data-id=\"2bda737\" data-element_type=\"widget\" data-widget_type=\"heading.default\">\n\t\t\t\t<div class=\"elementor-widget-container\">\n\t\t\t\t\t<h2 class=\"elementor-heading-title elementor-size-default\"><a href=\"https:\/\/staging.mass-voll.ch\/spenden\/\">Donare<\/a><\/h2>\t\t\t\t<\/div>\n\t\t\t\t<\/div>\n\t\t\t\t<div class=\"elementor-element elementor-element-c659f5e standout bg-violette elementor-widget elementor-widget-heading\" data-id=\"c659f5e\" data-element_type=\"widget\" data-widget_type=\"heading.default\">\n\t\t\t\t<div class=\"elementor-widget-container\">\n\t\t\t\t\t<h2 class=\"elementor-heading-title elementor-size-default\"><a href=\"https:\/\/staging.mass-voll.ch\/mitglied-werden\/\">Diventa un Membro<\/a><\/h2>\t\t\t\t<\/div>\n\t\t\t\t<\/div>\n\t\t\t\t<div class=\"elementor-element elementor-element-e58a8bf standout bg-violette elementor-widget elementor-widget-heading\" data-id=\"e58a8bf\" data-element_type=\"widget\" data-widget_type=\"heading.default\">\n\t\t\t\t<div class=\"elementor-widget-container\">\n\t\t\t\t\t<h2 class=\"elementor-heading-title elementor-size-default\"><a href=\"https:\/\/staging.mass-voll.ch\/it\/profilo-cornice\/\">Profilo cornice<\/a><\/h2>\t\t\t\t<\/div>\n\t\t\t\t<\/div>\n\t\t\t\t\t<\/div>\n\t\t\t\t<\/div>\n\t\t\t\t<\/div>\n\t\t\t\t<\/div>\n\t\t\t\t\t<\/div>\n\t\t\t\t<\/div>\n\t\t\t\t<\/div>\n\t\t\t\t<\/div>\n\t\t\t\t\t\t<\/div>\n\t\t\t\t<\/div>\n\t\t\t\t<\/div>\n\t\t\t\t<\/div>\n\t\t","protected":false},"excerpt":{"rendered":"<p>Impresso Indirizzo di contatto \u200dMASS-VOLL! Casella postale 8021 Zurigo E-mail: contatto@mass-voll.ch Persona autorizzata a rappresentare Nicolas A. Rimoldi, Presidente Impresso Esclusione di responsabilit\u00e0 \u200dL&#8216;autore non si assume alcuna responsabilit\u00e0 in merito alla correttezza, all&#8217;accuratezza, all&#8217;attualit\u00e0, all&#8217;affidabilit\u00e0 e alla completezza delle informazioni. Le richieste di responsabilit\u00e0 per danni causati dall&#8217;uso delle informazioni fornite, comprese quelle incomplete [&hellip;]<\/p>\n","protected":false},"author":1,"featured_media":0,"parent":0,"menu_order":0,"comment_status":"closed","ping_status":"closed","template":"elementor_header_footer","meta":{"_acf_changed":false,"footnotes":""},"class_list":["post-4044","page","type-page","status-publish","hentry"],"acf":[],"yoast_head":"<!-- This site is optimized with the Yoast SEO plugin v25.3.1 - https:\/\/yoast.com\/wordpress\/plugins\/seo\/ -->\n<title>Impresso - MASS-VOLL!<\/title>\n<meta name=\"robots\" content=\"noindex, follow, max-snippet:-1, max-image-preview:large, max-video-preview:-1\" \/>\n<meta property=\"og:locale\" content=\"it_IT\" \/>\n<meta property=\"og:type\" content=\"article\" \/>\n<meta property=\"og:title\" content=\"Impresso - MASS-VOLL!\" \/>\n<meta property=\"og:description\" content=\"Impresso Indirizzo di contatto \u200dMASS-VOLL! Casella postale 8021 Zurigo E-mail: contatto@mass-voll.ch Persona autorizzata a rappresentare Nicolas A. Rimoldi, Presidente Impresso Esclusione di responsabilit\u00e0 \u200dL&#8216;autore non si assume alcuna responsabilit\u00e0 in merito alla correttezza, all&#8217;accuratezza, all&#8217;attualit\u00e0, all&#8217;affidabilit\u00e0 e alla completezza delle informazioni. Le richieste di responsabilit\u00e0 per danni causati dall&#8217;uso delle informazioni fornite, comprese quelle incomplete [&hellip;]\" \/>\n<meta property=\"og:url\" content=\"https:\/\/staging.mass-voll.ch\/it\/impresso\/\" \/>\n<meta property=\"og:site_name\" content=\"MASS-VOLL!\" \/>\n<meta property=\"article:modified_time\" content=\"2023-08-15T20:33:37+00:00\" \/>\n<meta name=\"twitter:card\" content=\"summary_large_image\" \/>\n<meta name=\"twitter:label1\" content=\"Tempo di lettura stimato\" \/>\n\t<meta name=\"twitter:data1\" content=\"1 minuto\" \/>\n<script type=\"application\/ld+json\" class=\"yoast-schema-graph\">{\"@context\":\"https:\/\/schema.org\",\"@graph\":[{\"@type\":\"WebPage\",\"@id\":\"https:\/\/staging.mass-voll.ch\/it\/impresso\/\",\"url\":\"https:\/\/staging.mass-voll.ch\/it\/impresso\/\",\"name\":\"Impresso - MASS-VOLL!\",\"isPartOf\":{\"@id\":\"https:\/\/staging.mass-voll.ch\/#website\"},\"datePublished\":\"2023-08-09T14:09:09+00:00\",\"dateModified\":\"2023-08-15T20:33:37+00:00\",\"breadcrumb\":{\"@id\":\"https:\/\/staging.mass-voll.ch\/it\/impresso\/#breadcrumb\"},\"inLanguage\":\"it-IT\",\"potentialAction\":[{\"@type\":\"ReadAction\",\"target\":[\"https:\/\/staging.mass-voll.ch\/it\/impresso\/\"]}]},{\"@type\":\"BreadcrumbList\",\"@id\":\"https:\/\/staging.mass-voll.ch\/it\/impresso\/#breadcrumb\",\"itemListElement\":[{\"@type\":\"ListItem\",\"position\":1,\"name\":\"Startseite\",\"item\":\"https:\/\/staging.mass-voll.ch\/it\/\"},{\"@type\":\"ListItem\",\"position\":2,\"name\":\"Impresso\"}]},{\"@type\":\"WebSite\",\"@id\":\"https:\/\/staging.mass-voll.ch\/#website\",\"url\":\"https:\/\/staging.mass-voll.ch\/\",\"name\":\"MASS-VOLL!\",\"description\":\"\",\"publisher\":{\"@id\":\"https:\/\/staging.mass-voll.ch\/#organization\"},\"potentialAction\":[{\"@type\":\"SearchAction\",\"target\":{\"@type\":\"EntryPoint\",\"urlTemplate\":\"https:\/\/staging.mass-voll.ch\/?s={search_term_string}\"},\"query-input\":{\"@type\":\"PropertyValueSpecification\",\"valueRequired\":true,\"valueName\":\"search_term_string\"}}],\"inLanguage\":\"it-IT\"},{\"@type\":\"Organization\",\"@id\":\"https:\/\/staging.mass-voll.ch\/#organization\",\"name\":\"MASS-VOLL!\",\"url\":\"https:\/\/staging.mass-voll.ch\/\",\"logo\":{\"@type\":\"ImageObject\",\"inLanguage\":\"it-IT\",\"@id\":\"https:\/\/staging.mass-voll.ch\/#\/schema\/logo\/image\/\",\"url\":\"https:\/\/staging.mass-voll.ch\/wp-content\/uploads\/2023\/06\/LogoMV.svg\",\"contentUrl\":\"https:\/\/staging.mass-voll.ch\/wp-content\/uploads\/2023\/06\/LogoMV.svg\",\"width\":14217,\"height\":2611,\"caption\":\"MASS-VOLL!\"},\"image\":{\"@id\":\"https:\/\/staging.mass-voll.ch\/#\/schema\/logo\/image\/\"}}]}<\/script>\n<!-- \/ Yoast SEO plugin. -->","yoast_head_json":{"title":"Impresso - MASS-VOLL!","robots":{"index":"noindex","follow":"follow","max-snippet":"max-snippet:-1","max-image-preview":"max-image-preview:large","max-video-preview":"max-video-preview:-1"},"og_locale":"it_IT","og_type":"article","og_title":"Impresso - MASS-VOLL!","og_description":"Impresso Indirizzo di contatto \u200dMASS-VOLL! Casella postale 8021 Zurigo E-mail: contatto@mass-voll.ch Persona autorizzata a rappresentare Nicolas A. Rimoldi, Presidente Impresso Esclusione di responsabilit\u00e0 \u200dL&#8216;autore non si assume alcuna responsabilit\u00e0 in merito alla correttezza, all&#8217;accuratezza, all&#8217;attualit\u00e0, all&#8217;affidabilit\u00e0 e alla completezza delle informazioni. Le richieste di responsabilit\u00e0 per danni causati dall&#8217;uso delle informazioni fornite, comprese quelle incomplete [&hellip;]","og_url":"https:\/\/staging.mass-voll.ch\/it\/impresso\/","og_site_name":"MASS-VOLL!","article_modified_time":"2023-08-15T20:33:37+00:00","twitter_card":"summary_large_image","twitter_misc":{"Tempo di lettura stimato":"1 minuto"},"schema":{"@context":"https:\/\/schema.org","@graph":[{"@type":"WebPage","@id":"https:\/\/staging.mass-voll.ch\/it\/impresso\/","url":"https:\/\/staging.mass-voll.ch\/it\/impresso\/","name":"Impresso - MASS-VOLL!","isPartOf":{"@id":"https:\/\/staging.mass-voll.ch\/#website"},"datePublished":"2023-08-09T14:09:09+00:00","dateModified":"2023-08-15T20:33:37+00:00","breadcrumb":{"@id":"https:\/\/staging.mass-voll.ch\/it\/impresso\/#breadcrumb"},"inLanguage":"it-IT","potentialAction":[{"@type":"ReadAction","target":["https:\/\/staging.mass-voll.ch\/it\/impresso\/"]}]},{"@type":"BreadcrumbList","@id":"https:\/\/staging.mass-voll.ch\/it\/impresso\/#breadcrumb","itemListElement":[{"@type":"ListItem","position":1,"name":"Startseite","item":"https:\/\/staging.mass-voll.ch\/it\/"},{"@type":"ListItem","position":2,"name":"Impresso"}]},{"@type":"WebSite","@id":"https:\/\/staging.mass-voll.ch\/#website","url":"https:\/\/staging.mass-voll.ch\/","name":"MASS-VOLL!","description":"","publisher":{"@id":"https:\/\/staging.mass-voll.ch\/#organization"},"potentialAction":[{"@type":"SearchAction","target":{"@type":"EntryPoint","urlTemplate":"https:\/\/staging.mass-voll.ch\/?s={search_term_string}"},"query-input":{"@type":"PropertyValueSpecification","valueRequired":true,"valueName":"search_term_string"}}],"inLanguage":"it-IT"},{"@type":"Organization","@id":"https:\/\/staging.mass-voll.ch\/#organization","name":"MASS-VOLL!","url":"https:\/\/staging.mass-voll.ch\/","logo":{"@type":"ImageObject","inLanguage":"it-IT","@id":"https:\/\/staging.mass-voll.ch\/#\/schema\/logo\/image\/","url":"https:\/\/staging.mass-voll.ch\/wp-content\/uploads\/2023\/06\/LogoMV.svg","contentUrl":"https:\/\/staging.mass-voll.ch\/wp-content\/uploads\/2023\/06\/LogoMV.svg","width":14217,"height":2611,"caption":"MASS-VOLL!"},"image":{"@id":"https:\/\/staging.mass-voll.ch\/#\/schema\/logo\/image\/"}}]}},"_links":{"self":[{"href":"https:\/\/staging.mass-voll.ch\/it\/wp-json\/wp\/v2\/pages\/4044","targetHints":{"allow":["GET"]}}],"collection":[{"href":"https:\/\/staging.mass-voll.ch\/it\/wp-json\/wp\/v2\/pages"}],"about":[{"href":"https:\/\/staging.mass-voll.ch\/it\/wp-json\/wp\/v2\/types\/page"}],"author":[{"embeddable":true,"href":"https:\/\/staging.mass-voll.ch\/it\/wp-json\/wp\/v2\/users\/1"}],"replies":[{"embeddable":true,"href":"https:\/\/staging.mass-voll.ch\/it\/wp-json\/wp\/v2\/comments?post=4044"}],"version-history":[{"count":0,"href":"https:\/\/staging.mass-voll.ch\/it\/wp-json\/wp\/v2\/pages\/4044\/revisions"}],"wp:attachment":[{"href":"https:\/\/staging.mass-voll.ch\/it\/wp-json\/wp\/v2\/media?parent=4044"}],"curies":[{"name":"wp","href":"https:\/\/api.w.org\/{rel}","templated":true}]}}