{"id":3478,"date":"2023-07-06T15:40:41","date_gmt":"2023-07-06T13:40:41","guid":{"rendered":"https:\/\/staging.mass-voll.ch\/?page_id=3478"},"modified":"2023-12-20T10:55:38","modified_gmt":"2023-12-20T09:55:38","slug":"diventa-un-membro","status":"publish","type":"page","link":"https:\/\/staging.mass-voll.ch\/it\/diventa-un-membro\/","title":{"rendered":"Diventa un Membro"},"content":{"rendered":"\t\t<div data-elementor-type=\"wp-page\" data-elementor-id=\"3478\" class=\"elementor elementor-3478 elementor-1102\" data-elementor-post-type=\"page\">\n\t\t\t\t<div class=\"elementor-element elementor-element-88cc840 e-flex e-con-boxed e-con e-parent\" data-id=\"88cc840\" data-element_type=\"container\">\n\t\t\t\t\t<div class=\"e-con-inner\">\n\t\t\t\t<div class=\"elementor-element elementor-element-bcf489c elementor-widget elementor-widget-spacer\" data-id=\"bcf489c\" data-element_type=\"widget\" data-widget_type=\"spacer.default\">\n\t\t\t\t<div class=\"elementor-widget-container\">\n\t\t\t\t\t\t\t<div class=\"elementor-spacer\">\n\t\t\t<div class=\"elementor-spacer-inner\"><\/div>\n\t\t<\/div>\n\t\t\t\t\t\t<\/div>\n\t\t\t\t<\/div>\n\t\t\t\t\t<\/div>\n\t\t\t\t<\/div>\n\t\t<div class=\"elementor-element elementor-element-c795849 e-con-full e-flex e-con e-parent\" data-id=\"c795849\" data-element_type=\"container\">\n\t\t<div class=\"elementor-element elementor-element-c74de54 e-con-full e-flex e-con e-parent\" data-id=\"c74de54\" data-element_type=\"container\" data-settings=\"{&quot;background_background&quot;:&quot;classic&quot;}\">\n\t\t<div class=\"elementor-element elementor-element-477de47 e-con-full e-flex e-con e-parent\" data-id=\"477de47\" data-element_type=\"container\">\n\t\t\t\t<div class=\"elementor-element elementor-element-d8731ab elementor-widget elementor-widget-heading\" data-id=\"d8731ab\" data-element_type=\"widget\" data-widget_type=\"heading.default\">\n\t\t\t\t<div class=\"elementor-widget-container\">\n\t\t\t\t\t<h1 class=\"elementor-heading-title elementor-size-default\">Diventare membro<\/h1>\t\t\t\t<\/div>\n\t\t\t\t<\/div>\n\t\t\t\t<div class=\"elementor-element elementor-element-630785f elementor-widget elementor-widget-text-editor\" data-id=\"630785f\" data-element_type=\"widget\" data-widget_type=\"text-editor.default\">\n\t\t\t\t<div class=\"elementor-widget-container\">\n\t\t\t\t\t\t\t\t\t<p>Vorrei diventare membro!<\/p>\t\t\t\t\t\t\t\t<\/div>\n\t\t\t\t<\/div>\n\t\t\t\t<div class=\"elementor-element elementor-element-510967d elementor-widget elementor-widget-text-editor\" data-id=\"510967d\" data-element_type=\"widget\" data-widget_type=\"text-editor.default\">\n\t\t\t\t<div class=\"elementor-widget-container\">\n\t\t\t\t\t\t\t\t\t<p>Il movimento per i diritti civili MASS-VOLL! \u00e8 pienamente sostenuto da persone di ogni religione, colore della pelle, professione, sesso ed et\u00e0.<\/p><p>MASS-VOLL! \u00e8 aperto a tutte le persone che si impegnano per i diritti fondamentali costituzionali e inalienabili. Possono diventare membri le persone fisiche e giuridiche che sostengono lo scopo dell&#8217;associazione. Siamo guidati dai valori del nostro statuto.<\/p><p>Diventate membri e lottate per una societ\u00e0 libera in cui nessuno sia discriminato! <img decoding=\"async\" class=\"wp-image-6491 alignnone\" src=\"https:\/\/staging.mass-voll.ch\/wp-content\/uploads\/2023\/08\/270a-1f3fb.svg\" alt=\"\" width=\"24\" \/> <img decoding=\"async\" class=\"alignnone wp-image-6496\" src=\"https:\/\/staging.mass-voll.ch\/wp-content\/uploads\/2023\/08\/1f49c-1.svg\" alt=\"\" width=\"24\" \/><\/p>\t\t\t\t\t\t\t\t<\/div>\n\t\t\t\t<\/div>\n\t\t\t\t<\/div>\n\t\t\t\t<\/div>\n\t\t<div class=\"elementor-element elementor-element-06ea155 e-con-full e-flex e-con e-parent\" data-id=\"06ea155\" data-element_type=\"container\" data-settings=\"{&quot;background_background&quot;:&quot;classic&quot;}\">\n\t\t<div class=\"elementor-element elementor-element-964608a e-con-full e-flex e-con e-parent\" data-id=\"964608a\" data-element_type=\"container\">\n\t\t<div class=\"elementor-element elementor-element-9229e00 e-flex e-con-boxed e-con e-parent\" data-id=\"9229e00\" data-element_type=\"container\">\n\t\t\t\t\t<div class=\"e-con-inner\">\n\t\t\t\t<div class=\"elementor-element elementor-element-da17410 elementor-widget elementor-widget-heading\" data-id=\"da17410\" data-element_type=\"widget\" data-widget_type=\"heading.default\">\n\t\t\t\t<div class=\"elementor-widget-container\">\n\t\t\t\t\t<h3 class=\"elementor-heading-title elementor-size-default\">Richiesta di adesione<\/h3>\t\t\t\t<\/div>\n\t\t\t\t<\/div>\n\t\t\t\t<div class=\"elementor-element elementor-element-bb61ae9 elementor-button-align-stretch elementor-widget elementor-widget-form\" data-id=\"bb61ae9\" data-element_type=\"widget\" data-settings=\"{&quot;step_next_label&quot;:&quot;Weiter&quot;,&quot;step_previous_label&quot;:&quot;Zur\\u00fcck&quot;,&quot;step_icon_shape&quot;:&quot;square&quot;,&quot;button_width&quot;:&quot;100&quot;,&quot;step_type&quot;:&quot;number_text&quot;}\" data-widget_type=\"form.default\">\n\t\t\t\t<div class=\"elementor-widget-container\">\n\t\t\t\t\t\t\t<form class=\"elementor-form\" method=\"post\" name=\"Mitgliedschaft\">\n\t\t\t<input type=\"hidden\" name=\"post_id\" value=\"3478\"\/>\n\t\t\t<input type=\"hidden\" name=\"form_id\" value=\"bb61ae9\"\/>\n\t\t\t<input type=\"hidden\" name=\"referer_title\" value=\"MASS-VOLL!\" \/>\n\n\t\t\t\n\t\t\t<div class=\"elementor-form-fields-wrapper elementor-labels-above\">\n\t\t\t\t\t\t\t\t<div class=\"elementor-field-type-text\">\n\t\t\t\t\t<input size=\"1\" type=\"text\" name=\"form_fields[field_96ff55d]\" id=\"form-field-field_96ff55d\" class=\"elementor-field elementor-size-sm \" style=\"display:none !important;\">\t\t\t\t<\/div>\n\t\t\t\t\t\t\t\t<div class=\"elementor-field-type-html elementor-field-group elementor-column elementor-field-group-field_8d432da elementor-col-100\">\n\t\t\t\t\tI nuovi membri ricevono automaticamente la newsletter. Se non lo desideri, puoi annullare l'iscrizione dopo averlo ricevuto per la prima volta.<br><br>\n\n<strong>Quota associativa annuale<\/strong><br>\n\nLa quota associativa annuale \u00e8 di CHF 10 per i minori di 18 anni, CHF 20 per i 18-35 anni, CHF 50 per gli oltre 35 anni, CHF 0 per i pensionati AI e destinatari AD\/AI e almeno CHF 500 per i sostenitori.\t\t\t\t<\/div>\n\t\t\t\t\t\t\t\t<div class=\"elementor-field-type-acceptance elementor-field-group elementor-column elementor-field-group-field_7df74e9 elementor-col-100 elementor-field-required elementor-mark-required\">\n\t\t\t\t\t\t\t<div class=\"elementor-field-subgroup\">\n\t\t\t<span class=\"elementor-field-option\">\n\t\t\t\t<input type=\"checkbox\" name=\"form_fields[field_7df74e9]\" id=\"form-field-field_7df74e9\" class=\"elementor-field elementor-size-sm  elementor-acceptance-field\" required=\"required\">\n\t\t\t\t<label for=\"form-field-field_7df74e9\">Confermo di essere a conoscenza dello statuto dell'associazione, che lo rispetter\u00f2 e non lo violer\u00f2. Sono consapevole che chiunque violi le regole del club sar\u00e0 punito con MASS-VOLL! pu\u00f2 e sar\u00e0 escluso.<\/label>\t\t\t<\/span>\n\t\t<\/div>\n\t\t\t\t\t\t<\/div>\n\t\t\t\t\t\t\t\t<div class=\"elementor-field-type-radio elementor-field-group elementor-column elementor-field-group-field_e77aae2 elementor-col-100 elementor-field-required elementor-mark-required\">\n\t\t\t\t\t\t\t\t\t\t\t\t<label for=\"form-field-field_e77aae2\" class=\"elementor-field-label\">\n\t\t\t\t\t\t\t\tDovrei\t\t\t\t\t\t\t<\/label>\n\t\t\t\t\t\t<div class=\"elementor-field-subgroup  \"><span class=\"elementor-field-option\"><input type=\"radio\" value=\"Membro\" id=\"form-field-field_e77aae2-0\" name=\"form_fields[field_e77aae2]\" required=\"required\"> <label for=\"form-field-field_e77aae2-0\">Membro<\/label><\/span><span class=\"elementor-field-option\"><input type=\"radio\" value=\"Patrono\" id=\"form-field-field_e77aae2-1\" name=\"form_fields[field_e77aae2]\" required=\"required\"> <label for=\"form-field-field_e77aae2-1\">Patrono<\/label><\/span><span class=\"elementor-field-option\"><input type=\"radio\" value=\"Membro e mecenate\" id=\"form-field-field_e77aae2-2\" name=\"form_fields[field_e77aae2]\" required=\"required\"> <label for=\"form-field-field_e77aae2-2\">Membro e mecenate<\/label><\/span><\/div>\t\t\t\t<\/div>\n\t\t\t\t\t\t\t\t<div class=\"elementor-field-type-radio elementor-field-group elementor-column elementor-field-group-field_22d85a6 elementor-col-100 elementor-field-required elementor-mark-required\">\n\t\t\t\t\t\t\t\t\t\t\t\t<label for=\"form-field-field_22d85a6\" class=\"elementor-field-label\">\n\t\t\t\t\t\t\t\tSaluto\t\t\t\t\t\t\t<\/label>\n\t\t\t\t\t\t<div class=\"elementor-field-subgroup  \"><span class=\"elementor-field-option\"><input type=\"radio\" value=\"Signora\" id=\"form-field-field_22d85a6-0\" name=\"form_fields[field_22d85a6]\" required=\"required\"> <label for=\"form-field-field_22d85a6-0\">Signora<\/label><\/span><span class=\"elementor-field-option\"><input type=\"radio\" value=\"Sig.\" id=\"form-field-field_22d85a6-1\" name=\"form_fields[field_22d85a6]\" required=\"required\"> <label for=\"form-field-field_22d85a6-1\">Sig.<\/label><\/span><\/div>\t\t\t\t<\/div>\n\t\t\t\t\t\t\t\t<div class=\"elementor-field-type-text elementor-field-group elementor-column elementor-field-group-field_dfc2217 elementor-col-50 elementor-field-required elementor-mark-required\">\n\t\t\t\t\t\t\t\t\t\t\t\t<label for=\"form-field-field_dfc2217\" class=\"elementor-field-label\">\n\t\t\t\t\t\t\t\tNome di battesimo\t\t\t\t\t\t\t<\/label>\n\t\t\t\t\t\t\t\t\t\t\t\t\t\t<input size=\"1\" type=\"text\" name=\"form_fields[field_dfc2217]\" id=\"form-field-field_dfc2217\" class=\"elementor-field elementor-size-sm  elementor-field-textual\" required=\"required\">\n\t\t\t\t\t\t\t\t\t\t\t<\/div>\n\t\t\t\t\t\t\t\t<div class=\"elementor-field-type-text\">\n\t\t\t\t\t<input size=\"1\" type=\"text\" name=\"form_fields[field_b9cb6a0]\" id=\"form-field-field_b9cb6a0\" class=\"elementor-field elementor-size-sm \" style=\"display:none !important;\">\t\t\t\t<\/div>\n\t\t\t\t\t\t\t\t<div class=\"elementor-field-type-text elementor-field-group elementor-column elementor-field-group-field_c20bf41 elementor-col-50 elementor-field-required elementor-mark-required\">\n\t\t\t\t\t\t\t\t\t\t\t\t<label for=\"form-field-field_c20bf41\" class=\"elementor-field-label\">\n\t\t\t\t\t\t\t\tCognome\t\t\t\t\t\t\t<\/label>\n\t\t\t\t\t\t\t\t\t\t\t\t\t\t<input size=\"1\" type=\"text\" name=\"form_fields[field_c20bf41]\" id=\"form-field-field_c20bf41\" class=\"elementor-field elementor-size-sm  elementor-field-textual\" required=\"required\">\n\t\t\t\t\t\t\t\t\t\t\t<\/div>\n\t\t\t\t\t\t\t\t<div class=\"elementor-field-type-text elementor-field-group elementor-column elementor-field-group-field_9e99c81 elementor-col-100 elementor-field-required elementor-mark-required\">\n\t\t\t\t\t\t\t\t\t\t\t\t<label for=\"form-field-field_9e99c81\" class=\"elementor-field-label\">\n\t\t\t\t\t\t\t\tVia, numero civico\t\t\t\t\t\t\t<\/label>\n\t\t\t\t\t\t\t\t\t\t\t\t\t\t<input size=\"1\" type=\"text\" name=\"form_fields[field_9e99c81]\" id=\"form-field-field_9e99c81\" class=\"elementor-field elementor-size-sm  elementor-field-textual\" required=\"required\">\n\t\t\t\t\t\t\t\t\t\t\t<\/div>\n\t\t\t\t\t\t\t\t<div class=\"elementor-field-type-text elementor-field-group elementor-column elementor-field-group-field_d276159 elementor-col-33 elementor-field-required elementor-mark-required\">\n\t\t\t\t\t\t\t\t\t\t\t\t<label for=\"form-field-field_d276159\" class=\"elementor-field-label\">\n\t\t\t\t\t\t\t\tCodice Postale\t\t\t\t\t\t\t<\/label>\n\t\t\t\t\t\t\t\t\t\t\t\t\t\t<input size=\"1\" type=\"text\" name=\"form_fields[field_d276159]\" id=\"form-field-field_d276159\" class=\"elementor-field elementor-size-sm  elementor-field-textual\" required=\"required\">\n\t\t\t\t\t\t\t\t\t\t\t<\/div>\n\t\t\t\t\t\t\t\t<div class=\"elementor-field-type-text elementor-field-group elementor-column elementor-field-group-field_4a11d28 elementor-col-66 elementor-field-required elementor-mark-required\">\n\t\t\t\t\t\t\t\t\t\t\t\t<label for=\"form-field-field_4a11d28\" class=\"elementor-field-label\">\n\t\t\t\t\t\t\t\tPosizione\t\t\t\t\t\t\t<\/label>\n\t\t\t\t\t\t\t\t\t\t\t\t\t\t<input size=\"1\" type=\"text\" name=\"form_fields[field_4a11d28]\" id=\"form-field-field_4a11d28\" class=\"elementor-field elementor-size-sm  elementor-field-textual\" required=\"required\">\n\t\t\t\t\t\t\t\t\t\t\t<\/div>\n\t\t\t\t\t\t\t\t<div class=\"elementor-field-type-text elementor-field-group elementor-column elementor-field-group-field_2384879 elementor-col-100 elementor-field-required elementor-mark-required\">\n\t\t\t\t\t\t\t\t\t\t\t\t<label for=\"form-field-field_2384879\" class=\"elementor-field-label\">\n\t\t\t\t\t\t\t\tPaese\t\t\t\t\t\t\t<\/label>\n\t\t\t\t\t\t\t\t\t\t\t\t\t\t<input size=\"1\" type=\"text\" name=\"form_fields[field_2384879]\" id=\"form-field-field_2384879\" class=\"elementor-field elementor-size-sm  elementor-field-textual\" required=\"required\">\n\t\t\t\t\t\t\t\t\t\t\t<\/div>\n\t\t\t\t\t\t\t\t<div class=\"elementor-field-type-email elementor-field-group elementor-column elementor-field-group-field_9dc1b29 elementor-col-100 elementor-field-required elementor-mark-required\">\n\t\t\t\t\t\t\t\t\t\t\t\t<label for=\"form-field-field_9dc1b29\" class=\"elementor-field-label\">\n\t\t\t\t\t\t\t\tE-mail\t\t\t\t\t\t\t<\/label>\n\t\t\t\t\t\t\t\t\t\t\t\t\t\t<input size=\"1\" type=\"email\" name=\"form_fields[field_9dc1b29]\" id=\"form-field-field_9dc1b29\" class=\"elementor-field elementor-size-sm  elementor-field-textual\" required=\"required\">\n\t\t\t\t\t\t\t\t\t\t\t<\/div>\n\t\t\t\t\t\t\t\t<div class=\"elementor-field-type-text elementor-field-group elementor-column elementor-field-group-field_c072492 elementor-col-100 elementor-field-required elementor-mark-required\">\n\t\t\t\t\t\t\t\t\t\t\t\t<label for=\"form-field-field_c072492\" class=\"elementor-field-label\">\n\t\t\t\t\t\t\t\tNumero di telefono\t\t\t\t\t\t\t<\/label>\n\t\t\t\t\t\t\t\t\t\t\t\t\t\t<input size=\"1\" type=\"text\" name=\"form_fields[field_c072492]\" id=\"form-field-field_c072492\" class=\"elementor-field elementor-size-sm  elementor-field-textual\" required=\"required\">\n\t\t\t\t\t\t\t\t\t\t\t<\/div>\n\t\t\t\t\t\t\t\t<div class=\"elementor-field-type-date elementor-field-group elementor-column elementor-field-group-field_54bb556 elementor-col-100 elementor-field-required elementor-mark-required\">\n\t\t\t\t\t\t\t\t\t\t\t\t<label for=\"form-field-field_54bb556\" class=\"elementor-field-label\">\n\t\t\t\t\t\t\t\tData di nascita\t\t\t\t\t\t\t<\/label>\n\t\t\t\t\t\t\n\t\t<input type=\"date\" name=\"form_fields[field_54bb556]\" id=\"form-field-field_54bb556\" class=\"elementor-field elementor-size-sm  elementor-field-textual elementor-date-field\" required=\"required\" pattern=\"[0-9]{4}-[0-9]{2}-[0-9]{2}\">\n\t\t\t\t\t\t<\/div>\n\t\t\t\t\t\t\t\t<div class=\"elementor-field-type-text\">\n\t\t\t\t\t<input size=\"1\" type=\"text\" name=\"form_fields[field_d3d4e1f]\" id=\"form-field-field_d3d4e1f\" class=\"elementor-field elementor-size-sm \" style=\"display:none !important;\">\t\t\t\t<\/div>\n\t\t\t\t\t\t\t\t<div class=\"elementor-field-type-html elementor-field-group elementor-column elementor-field-group-field_dbfed4f elementor-col-50\">\n\t\t\t\t\tVoglio essere informato su tutto. Per favore, aggiungimi al canale informativo interno di Telegram.\t\t\t\t<\/div>\n\t\t\t\t\t\t\t\t<div class=\"elementor-field-type-text elementor-field-group elementor-column elementor-field-group-field_6bd53a2 elementor-col-50\">\n\t\t\t\t\t\t\t\t\t\t\t\t<label for=\"form-field-field_6bd53a2\" class=\"elementor-field-label\">\n\t\t\t\t\t\t\t\tIl mio nome utente Telegram\t\t\t\t\t\t\t<\/label>\n\t\t\t\t\t\t\t\t\t\t\t\t\t\t<input size=\"1\" type=\"text\" name=\"form_fields[field_6bd53a2]\" id=\"form-field-field_6bd53a2\" class=\"elementor-field elementor-size-sm  elementor-field-textual\">\n\t\t\t\t\t\t\t\t\t\t\t<\/div>\n\t\t\t\t\t\t\t\t<div class=\"elementor-field-type-html elementor-field-group elementor-column elementor-field-group-field_2906c93 elementor-col-50\">\n\t\t\t\t\tVorrei essere aggiunto alle chat di Threema e avere il tempo e la voglia di partecipare agli eventi pi\u00f9 volte al mese.\t\t\t\t<\/div>\n\t\t\t\t\t\t\t\t<div class=\"elementor-field-type-text elementor-field-group elementor-column elementor-field-group-field_d2b3edf elementor-col-50\">\n\t\t\t\t\t\t\t\t\t\t\t\t<label for=\"form-field-field_d2b3edf\" class=\"elementor-field-label\">\n\t\t\t\t\t\t\t\tIl mio ID Threema\t\t\t\t\t\t\t<\/label>\n\t\t\t\t\t\t\t\t\t\t\t\t\t\t<input size=\"1\" type=\"text\" name=\"form_fields[field_d2b3edf]\" id=\"form-field-field_d2b3edf\" class=\"elementor-field elementor-size-sm  elementor-field-textual\">\n\t\t\t\t\t\t\t\t\t\t\t<\/div>\n\t\t\t\t\t\t\t\t<div class=\"elementor-field-group elementor-column elementor-field-type-submit elementor-col-100 e-form__buttons\">\n\t\t\t\t\t<button class=\"elementor-button elementor-size-sm\" type=\"submit\">\n\t\t\t\t\t\t<span class=\"elementor-button-content-wrapper\">\n\t\t\t\t\t\t\t\t\t\t\t\t\t\t\t\t\t\t\t\t\t\t<span class=\"elementor-button-text\">Inviare<\/span>\n\t\t\t\t\t\t\t\t\t\t\t\t\t<\/span>\n\t\t\t\t\t<\/button>\n\t\t\t\t<\/div>\n\t\t\t<\/div>\n\t\t<\/form>\n\t\t\t\t\t\t<\/div>\n\t\t\t\t<\/div>\n\t\t\t\t\t<\/div>\n\t\t\t\t<\/div>\n\t\t\t\t<\/div>\n\t\t\t\t<\/div>\n\t\t\t\t<\/div>\n\t\t\t\t<\/div>\n\t\t","protected":false},"excerpt":{"rendered":"<p>Diventare membro Vorrei diventare membro! Il movimento per i diritti civili MASS-VOLL! \u00e8 pienamente sostenuto da persone di ogni religione, colore della pelle, professione, sesso ed et\u00e0. MASS-VOLL! \u00e8 aperto a tutte le persone che si impegnano per i diritti fondamentali costituzionali e inalienabili. Possono diventare membri le persone fisiche e giuridiche che sostengono lo [&hellip;]<\/p>\n","protected":false},"author":1,"featured_media":0,"parent":0,"menu_order":0,"comment_status":"closed","ping_status":"closed","template":"","meta":{"_acf_changed":false,"footnotes":""},"class_list":["post-3478","page","type-page","status-publish","hentry"],"acf":[],"yoast_head":"<!-- This site is optimized with the Yoast SEO plugin v25.3.1 - https:\/\/yoast.com\/wordpress\/plugins\/seo\/ -->\n<title>Diventa un Membro - MASS-VOLL!<\/title>\n<meta name=\"robots\" content=\"noindex, follow, max-snippet:-1, max-image-preview:large, max-video-preview:-1\" \/>\n<meta property=\"og:locale\" content=\"it_IT\" \/>\n<meta property=\"og:type\" content=\"article\" \/>\n<meta property=\"og:title\" content=\"Diventa un Membro - MASS-VOLL!\" \/>\n<meta property=\"og:description\" content=\"Diventare membro Vorrei diventare membro! Il movimento per i diritti civili MASS-VOLL! \u00e8 pienamente sostenuto da persone di ogni religione, colore della pelle, professione, sesso ed et\u00e0. MASS-VOLL! \u00e8 aperto a tutte le persone che si impegnano per i diritti fondamentali costituzionali e inalienabili. Possono diventare membri le persone fisiche e giuridiche che sostengono lo [&hellip;]\" \/>\n<meta property=\"og:url\" content=\"https:\/\/staging.mass-voll.ch\/mitglied-werden\/\" \/>\n<meta property=\"og:site_name\" content=\"MASS-VOLL!\" \/>\n<meta property=\"article:modified_time\" content=\"2023-12-20T09:55:38+00:00\" \/>\n<meta property=\"og:image\" content=\"https:\/\/staging.mass-voll.ch\/wp-content\/uploads\/2023\/08\/270a-1f3fb.svg\" \/>\n<meta name=\"twitter:card\" content=\"summary_large_image\" \/>\n<meta name=\"twitter:label1\" content=\"Tempo di lettura stimato\" \/>\n\t<meta name=\"twitter:data1\" content=\"2 minuti\" \/>\n<script type=\"application\/ld+json\" class=\"yoast-schema-graph\">{\"@context\":\"https:\/\/schema.org\",\"@graph\":[{\"@type\":\"WebPage\",\"@id\":\"https:\/\/staging.mass-voll.ch\/mitglied-werden\/\",\"url\":\"https:\/\/staging.mass-voll.ch\/mitglied-werden\/\",\"name\":\"Diventa un Membro - MASS-VOLL!\",\"isPartOf\":{\"@id\":\"https:\/\/staging.mass-voll.ch\/#website\"},\"primaryImageOfPage\":{\"@id\":\"https:\/\/staging.mass-voll.ch\/mitglied-werden\/#primaryimage\"},\"image\":{\"@id\":\"https:\/\/staging.mass-voll.ch\/mitglied-werden\/#primaryimage\"},\"thumbnailUrl\":\"https:\/\/staging.mass-voll.ch\/wp-content\/uploads\/2023\/08\/270a-1f3fb.svg\",\"datePublished\":\"2023-07-06T13:40:41+00:00\",\"dateModified\":\"2023-12-20T09:55:38+00:00\",\"breadcrumb\":{\"@id\":\"https:\/\/staging.mass-voll.ch\/mitglied-werden\/#breadcrumb\"},\"inLanguage\":\"it-IT\",\"potentialAction\":[{\"@type\":\"ReadAction\",\"target\":[\"https:\/\/staging.mass-voll.ch\/mitglied-werden\/\"]}]},{\"@type\":\"ImageObject\",\"inLanguage\":\"it-IT\",\"@id\":\"https:\/\/staging.mass-voll.ch\/mitglied-werden\/#primaryimage\",\"url\":\"https:\/\/staging.mass-voll.ch\/wp-content\/uploads\/2023\/08\/270a-1f3fb.svg\",\"contentUrl\":\"https:\/\/staging.mass-voll.ch\/wp-content\/uploads\/2023\/08\/270a-1f3fb.svg\"},{\"@type\":\"BreadcrumbList\",\"@id\":\"https:\/\/staging.mass-voll.ch\/mitglied-werden\/#breadcrumb\",\"itemListElement\":[{\"@type\":\"ListItem\",\"position\":1,\"name\":\"Startseite\",\"item\":\"https:\/\/staging.mass-voll.ch\/it\/\"},{\"@type\":\"ListItem\",\"position\":2,\"name\":\"Diventa un Membro\"}]},{\"@type\":\"WebSite\",\"@id\":\"https:\/\/staging.mass-voll.ch\/#website\",\"url\":\"https:\/\/staging.mass-voll.ch\/\",\"name\":\"MASS-VOLL!\",\"description\":\"\",\"publisher\":{\"@id\":\"https:\/\/staging.mass-voll.ch\/#organization\"},\"potentialAction\":[{\"@type\":\"SearchAction\",\"target\":{\"@type\":\"EntryPoint\",\"urlTemplate\":\"https:\/\/staging.mass-voll.ch\/?s={search_term_string}\"},\"query-input\":{\"@type\":\"PropertyValueSpecification\",\"valueRequired\":true,\"valueName\":\"search_term_string\"}}],\"inLanguage\":\"it-IT\"},{\"@type\":\"Organization\",\"@id\":\"https:\/\/staging.mass-voll.ch\/#organization\",\"name\":\"MASS-VOLL!\",\"url\":\"https:\/\/staging.mass-voll.ch\/\",\"logo\":{\"@type\":\"ImageObject\",\"inLanguage\":\"it-IT\",\"@id\":\"https:\/\/staging.mass-voll.ch\/#\/schema\/logo\/image\/\",\"url\":\"https:\/\/staging.mass-voll.ch\/wp-content\/uploads\/2023\/06\/LogoMV.svg\",\"contentUrl\":\"https:\/\/staging.mass-voll.ch\/wp-content\/uploads\/2023\/06\/LogoMV.svg\",\"width\":14217,\"height\":2611,\"caption\":\"MASS-VOLL!\"},\"image\":{\"@id\":\"https:\/\/staging.mass-voll.ch\/#\/schema\/logo\/image\/\"}}]}<\/script>\n<!-- \/ Yoast SEO plugin. -->","yoast_head_json":{"title":"Diventa un Membro - MASS-VOLL!","robots":{"index":"noindex","follow":"follow","max-snippet":"max-snippet:-1","max-image-preview":"max-image-preview:large","max-video-preview":"max-video-preview:-1"},"og_locale":"it_IT","og_type":"article","og_title":"Diventa un Membro - MASS-VOLL!","og_description":"Diventare membro Vorrei diventare membro! Il movimento per i diritti civili MASS-VOLL! \u00e8 pienamente sostenuto da persone di ogni religione, colore della pelle, professione, sesso ed et\u00e0. MASS-VOLL! \u00e8 aperto a tutte le persone che si impegnano per i diritti fondamentali costituzionali e inalienabili. Possono diventare membri le persone fisiche e giuridiche che sostengono lo [&hellip;]","og_url":"https:\/\/staging.mass-voll.ch\/mitglied-werden\/","og_site_name":"MASS-VOLL!","article_modified_time":"2023-12-20T09:55:38+00:00","og_image":[{"url":"https:\/\/staging.mass-voll.ch\/wp-content\/uploads\/2023\/08\/270a-1f3fb.svg","type":"","width":"","height":""}],"twitter_card":"summary_large_image","twitter_misc":{"Tempo di lettura stimato":"2 minuti"},"schema":{"@context":"https:\/\/schema.org","@graph":[{"@type":"WebPage","@id":"https:\/\/staging.mass-voll.ch\/mitglied-werden\/","url":"https:\/\/staging.mass-voll.ch\/mitglied-werden\/","name":"Diventa un Membro - MASS-VOLL!","isPartOf":{"@id":"https:\/\/staging.mass-voll.ch\/#website"},"primaryImageOfPage":{"@id":"https:\/\/staging.mass-voll.ch\/mitglied-werden\/#primaryimage"},"image":{"@id":"https:\/\/staging.mass-voll.ch\/mitglied-werden\/#primaryimage"},"thumbnailUrl":"https:\/\/staging.mass-voll.ch\/wp-content\/uploads\/2023\/08\/270a-1f3fb.svg","datePublished":"2023-07-06T13:40:41+00:00","dateModified":"2023-12-20T09:55:38+00:00","breadcrumb":{"@id":"https:\/\/staging.mass-voll.ch\/mitglied-werden\/#breadcrumb"},"inLanguage":"it-IT","potentialAction":[{"@type":"ReadAction","target":["https:\/\/staging.mass-voll.ch\/mitglied-werden\/"]}]},{"@type":"ImageObject","inLanguage":"it-IT","@id":"https:\/\/staging.mass-voll.ch\/mitglied-werden\/#primaryimage","url":"https:\/\/staging.mass-voll.ch\/wp-content\/uploads\/2023\/08\/270a-1f3fb.svg","contentUrl":"https:\/\/staging.mass-voll.ch\/wp-content\/uploads\/2023\/08\/270a-1f3fb.svg"},{"@type":"BreadcrumbList","@id":"https:\/\/staging.mass-voll.ch\/mitglied-werden\/#breadcrumb","itemListElement":[{"@type":"ListItem","position":1,"name":"Startseite","item":"https:\/\/staging.mass-voll.ch\/it\/"},{"@type":"ListItem","position":2,"name":"Diventa un Membro"}]},{"@type":"WebSite","@id":"https:\/\/staging.mass-voll.ch\/#website","url":"https:\/\/staging.mass-voll.ch\/","name":"MASS-VOLL!","description":"","publisher":{"@id":"https:\/\/staging.mass-voll.ch\/#organization"},"potentialAction":[{"@type":"SearchAction","target":{"@type":"EntryPoint","urlTemplate":"https:\/\/staging.mass-voll.ch\/?s={search_term_string}"},"query-input":{"@type":"PropertyValueSpecification","valueRequired":true,"valueName":"search_term_string"}}],"inLanguage":"it-IT"},{"@type":"Organization","@id":"https:\/\/staging.mass-voll.ch\/#organization","name":"MASS-VOLL!","url":"https:\/\/staging.mass-voll.ch\/","logo":{"@type":"ImageObject","inLanguage":"it-IT","@id":"https:\/\/staging.mass-voll.ch\/#\/schema\/logo\/image\/","url":"https:\/\/staging.mass-voll.ch\/wp-content\/uploads\/2023\/06\/LogoMV.svg","contentUrl":"https:\/\/staging.mass-voll.ch\/wp-content\/uploads\/2023\/06\/LogoMV.svg","width":14217,"height":2611,"caption":"MASS-VOLL!"},"image":{"@id":"https:\/\/staging.mass-voll.ch\/#\/schema\/logo\/image\/"}}]}},"_links":{"self":[{"href":"https:\/\/staging.mass-voll.ch\/it\/wp-json\/wp\/v2\/pages\/3478","targetHints":{"allow":["GET"]}}],"collection":[{"href":"https:\/\/staging.mass-voll.ch\/it\/wp-json\/wp\/v2\/pages"}],"about":[{"href":"https:\/\/staging.mass-voll.ch\/it\/wp-json\/wp\/v2\/types\/page"}],"author":[{"embeddable":true,"href":"https:\/\/staging.mass-voll.ch\/it\/wp-json\/wp\/v2\/users\/1"}],"replies":[{"embeddable":true,"href":"https:\/\/staging.mass-voll.ch\/it\/wp-json\/wp\/v2\/comments?post=3478"}],"version-history":[{"count":0,"href":"https:\/\/staging.mass-voll.ch\/it\/wp-json\/wp\/v2\/pages\/3478\/revisions"}],"wp:attachment":[{"href":"https:\/\/staging.mass-voll.ch\/it\/wp-json\/wp\/v2\/media?parent=3478"}],"curies":[{"name":"wp","href":"https:\/\/api.w.org\/{rel}","templated":true}]}}