{"id":4043,"date":"2023-08-09T16:09:09","date_gmt":"2023-08-09T14:09:09","guid":{"rendered":"https:\/\/staging.mass-voll.ch\/?page_id=4043"},"modified":"2023-08-15T22:28:30","modified_gmt":"2023-08-15T20:28:30","slug":"impression","status":"publish","type":"page","link":"https:\/\/staging.mass-voll.ch\/fr\/impression\/","title":{"rendered":"Impression"},"content":{"rendered":"\t\t<div data-elementor-type=\"wp-page\" data-elementor-id=\"4043\" class=\"elementor elementor-4043 elementor-4041\" data-elementor-post-type=\"page\">\n\t\t\t\t<div class=\"elementor-element elementor-element-215e539 e-flex e-con-boxed e-con e-parent\" data-id=\"215e539\" data-element_type=\"container\">\n\t\t\t\t\t<div class=\"e-con-inner\">\n\t\t\t\t<div class=\"elementor-element elementor-element-dfe6723 elementor-widget elementor-widget-spacer\" data-id=\"dfe6723\" data-element_type=\"widget\" data-widget_type=\"spacer.default\">\n\t\t\t\t<div class=\"elementor-widget-container\">\n\t\t\t\t\t\t\t<div class=\"elementor-spacer\">\n\t\t\t<div class=\"elementor-spacer-inner\"><\/div>\n\t\t<\/div>\n\t\t\t\t\t\t<\/div>\n\t\t\t\t<\/div>\n\t\t\t\t\t<\/div>\n\t\t\t\t<\/div>\n\t\t<div class=\"elementor-element elementor-element-5c5eaae e-con-full e-flex e-con e-parent\" data-id=\"5c5eaae\" data-element_type=\"container\">\n\t\t<div class=\"elementor-element elementor-element-4044a33 e-con-full e-flex e-con e-parent\" data-id=\"4044a33\" data-element_type=\"container\">\n\t\t<div class=\"elementor-element elementor-element-5fe9c68 e-con-full e-flex e-con e-parent\" data-id=\"5fe9c68\" data-element_type=\"container\">\n\t\t<div class=\"elementor-element elementor-element-6e0770e e-flex e-con-boxed e-con e-parent\" data-id=\"6e0770e\" data-element_type=\"container\" data-settings=\"{&quot;sticky&quot;:&quot;top&quot;,&quot;sticky_on&quot;:[&quot;desktop&quot;],&quot;sticky_offset&quot;:110,&quot;sticky_parent&quot;:&quot;yes&quot;,&quot;sticky_effects_offset&quot;:0,&quot;sticky_anchor_link_offset&quot;:0}\">\n\t\t\t\t\t<div class=\"e-con-inner\">\n\t\t<div class=\"elementor-element elementor-element-994f395 e-flex e-con-boxed e-con e-parent\" data-id=\"994f395\" data-element_type=\"container\">\n\t\t\t\t\t<div class=\"e-con-inner\">\n\t\t\t\t<div class=\"elementor-element elementor-element-d2c4144 elementor-widget elementor-widget-heading\" data-id=\"d2c4144\" data-element_type=\"widget\" data-widget_type=\"heading.default\">\n\t\t\t\t<div class=\"elementor-widget-container\">\n\t\t\t\t\t<h2 class=\"elementor-heading-title elementor-size-default\">Impression<\/h2>\t\t\t\t<\/div>\n\t\t\t\t<\/div>\n\t\t\t\t<div class=\"elementor-element elementor-element-c67e011 elementor-widget elementor-widget-text-editor\" data-id=\"c67e011\" data-element_type=\"widget\" data-widget_type=\"text-editor.default\">\n\t\t\t\t<div class=\"elementor-widget-container\">\n\t\t\t\t\t\t\t\t\t<p><strong><br \/>Adresse de contact<br \/>\u200d<\/strong>MASS-VOLL!<br \/>Case postale<br \/>8021 Zurich<br \/>E-mail :<br \/><a href=\"mailto:contact@mass-voll.ch\">contact@mass-voll.ch<\/a><br \/><br \/><strong>Personne habilit\u00e9e \u00e0 repr\u00e9senter<\/strong><br \/>Nicolas A. Rimoldi, pr\u00e9sident<\/p>\t\t\t\t\t\t\t\t<\/div>\n\t\t\t\t<\/div>\n\t\t\t\t\t<\/div>\n\t\t\t\t<\/div>\n\t\t\t\t\t<\/div>\n\t\t\t\t<\/div>\n\t\t\t\t<\/div>\n\t\t\t\t<\/div>\n\t\t<div class=\"elementor-element elementor-element-d29d7f8 e-con-full e-flex e-con e-parent\" data-id=\"d29d7f8\" data-element_type=\"container\" data-settings=\"{&quot;background_background&quot;:&quot;classic&quot;}\">\n\t\t<div class=\"elementor-element elementor-element-721386c e-con-full e-flex e-con e-parent\" data-id=\"721386c\" data-element_type=\"container\">\n\t\t<div class=\"elementor-element elementor-element-593c4df e-flex e-con-boxed e-con e-parent\" data-id=\"593c4df\" data-element_type=\"container\">\n\t\t\t\t\t<div class=\"e-con-inner\">\n\t\t\t\t\t<\/div>\n\t\t\t\t<\/div>\n\t\t\t\t<\/div>\n\t\t\t\t<\/div>\n\t\t\t\t<\/div>\n\t\t<div class=\"elementor-element elementor-element-bae10fa e-con-full e-flex e-con e-parent\" data-id=\"bae10fa\" data-element_type=\"container\">\n\t\t<div class=\"elementor-element elementor-element-ba4a1a6 e-con-full e-flex e-con e-parent\" data-id=\"ba4a1a6\" data-element_type=\"container\">\n\t\t<div class=\"elementor-element elementor-element-ede95fd e-con-full e-flex e-con e-parent\" data-id=\"ede95fd\" data-element_type=\"container\">\n\t\t<div class=\"elementor-element elementor-element-c582652 e-flex e-con-boxed e-con e-parent\" data-id=\"c582652\" data-element_type=\"container\" data-settings=\"{&quot;sticky&quot;:&quot;top&quot;,&quot;sticky_on&quot;:[&quot;desktop&quot;,&quot;tablet&quot;],&quot;sticky_offset&quot;:110,&quot;sticky_parent&quot;:&quot;yes&quot;,&quot;sticky_effects_offset&quot;:0,&quot;sticky_anchor_link_offset&quot;:0}\">\n\t\t\t\t\t<div class=\"e-con-inner\">\n\t\t<div class=\"elementor-element elementor-element-cc2b5dc e-flex e-con-boxed e-con e-parent\" data-id=\"cc2b5dc\" data-element_type=\"container\">\n\t\t\t\t\t<div class=\"e-con-inner\">\n\t\t\t\t<div class=\"elementor-element elementor-element-9d9eed2 elementor-widget elementor-widget-heading\" data-id=\"9d9eed2\" data-element_type=\"widget\" data-widget_type=\"heading.default\">\n\t\t\t\t<div class=\"elementor-widget-container\">\n\t\t\t\t\t<h2 class=\"elementor-heading-title elementor-size-default\">Impression<\/h2>\t\t\t\t<\/div>\n\t\t\t\t<\/div>\n\t\t\t\t\t<\/div>\n\t\t\t\t<\/div>\n\t\t\t\t\t<\/div>\n\t\t\t\t<\/div>\n\t\t\t\t<\/div>\n\t\t\t\t<\/div>\n\t\t<div class=\"elementor-element elementor-element-2dcb20f e-con-full e-flex e-con e-parent\" data-id=\"2dcb20f\" data-element_type=\"container\" data-settings=\"{&quot;background_background&quot;:&quot;classic&quot;}\">\n\t\t<div class=\"elementor-element elementor-element-8153646 e-con-full e-flex e-con e-parent\" data-id=\"8153646\" data-element_type=\"container\">\n\t\t<div class=\"elementor-element elementor-element-ff070aa e-flex e-con-boxed e-con e-parent\" data-id=\"ff070aa\" data-element_type=\"container\">\n\t\t\t\t\t<div class=\"e-con-inner\">\n\t\t\t\t<div class=\"elementor-element elementor-element-c64fed7 elementor-widget elementor-widget-text-editor\" data-id=\"c64fed7\" data-element_type=\"widget\" data-widget_type=\"text-editor.default\">\n\t\t\t\t<div class=\"elementor-widget-container\">\n\t\t\t\t\t\t\t\t\t<div id=\"top\" class=\"hero sub\" data-w-id=\"72e68fd0-a07d-c9f8-8918-929af37f750a\"><div class=\"container\"><div class=\"display-2-max-w\"><div class=\"margin-20px\"><div><p class=\"paragraph-2\"><strong>Clause de non-responsabilit\u00e9<br \/>\u200dL<\/strong>&lsquo;auteur n&rsquo;assume aucune garantie quant \u00e0 la v\u00e9racit\u00e9, l&rsquo;exactitude, l&rsquo;actualit\u00e9, la fiabilit\u00e9 et l&rsquo;exhaustivit\u00e9 des informations. L&rsquo;auteur ne saurait \u00eatre tenu pour responsable des dommages mat\u00e9riels ou immat\u00e9riels qui pourraient \u00eatre caus\u00e9s par l&rsquo;acc\u00e8s aux informations diffus\u00e9es ou par leur utilisation ou non-utilisation, par le mauvais usage de la connexion ou par des probl\u00e8mes techniques. Toutes les offres sont sans engagement. L&rsquo;auteur se r\u00e9serve express\u00e9ment le droit de modifier, de compl\u00e9ter ou de supprimer des parties de pages ou l&rsquo;ensemble de l&rsquo;offre sans pr\u00e9avis particulier, ou d&rsquo;en suspendre temporairement ou d\u00e9finitivement la publication.<br \/><br \/><strong>Exclusion de responsabilit\u00e9 pour les liens<br \/>\u200dLes<\/strong>renvois et liens vers des sites web de tiers ne rel\u00e8vent pas de notre responsabilit\u00e9. Nous d\u00e9clinons toute responsabilit\u00e9 pour de tels sites web. L&rsquo;acc\u00e8s \u00e0 de tels sites et leur utilisation se font aux risques et p\u00e9rils de l&rsquo;utilisateur.<br \/><br \/><strong>Droits d&rsquo;auteur<br \/>\u200dLes<\/strong>droits d&rsquo;auteur et tous les autres droits li\u00e9s aux contenus, images, photos ou autres fichiers pr\u00e9sents sur ce site, appartiennent exclusivement\u00a0<strong>\u00e0 la personne morale MASS-VOLL<\/strong>! ou aux titulaires de droits sp\u00e9cialement cit\u00e9s. Pour la reproduction de tout \u00e9l\u00e9ment, l&rsquo;autorisation \u00e9crite du d\u00e9tenteur des droits d&rsquo;auteur doit \u00eatre obtenue au pr\u00e9alable.<br \/><br \/>Source :\u00a0<a class=\"fakten_uebersicht_link\" href=\"https:\/\/www.swissanwalt.ch\/\" target=\"_blank\" rel=\"noopener\">SwissAnwalt<\/a><\/p><\/div><\/div><\/div><\/div><\/div>\t\t\t\t\t\t\t\t<\/div>\n\t\t\t\t<\/div>\n\t\t\t\t\t<\/div>\n\t\t\t\t<\/div>\n\t\t\t\t<\/div>\n\t\t\t\t<\/div>\n\t\t\t\t<\/div>\n\t\t<div class=\"elementor-element elementor-element-60420f5 e-con-full e-flex e-con e-parent\" data-id=\"60420f5\" data-element_type=\"container\">\n\t\t\t\t<div class=\"elementor-element elementor-element-48ac98d elementor-widget elementor-widget-template\" data-id=\"48ac98d\" data-element_type=\"widget\" data-widget_type=\"template.default\">\n\t\t\t\t<div class=\"elementor-widget-container\">\n\t\t\t\t\t\t\t<div class=\"elementor-template\">\n\t\t\t\t\t<div data-elementor-type=\"section\" data-elementor-id=\"5443\" class=\"elementor elementor-5443 elementor-5434\" data-elementor-post-type=\"elementor_library\">\n\t\t\t<div class=\"elementor-element elementor-element-3bb4ecb e-flex e-con-boxed e-con e-parent\" data-id=\"3bb4ecb\" data-element_type=\"container\" data-settings=\"{&quot;background_background&quot;:&quot;classic&quot;}\">\n\t\t\t\t\t<div class=\"e-con-inner\">\n\t\t<div class=\"elementor-element elementor-element-b27a55d e-con-full e-flex e-con e-parent\" data-id=\"b27a55d\" data-element_type=\"container\">\n\t\t<div class=\"elementor-element elementor-element-14e92b3 e-con-full e-flex e-con e-parent\" data-id=\"14e92b3\" data-element_type=\"container\">\n\t\t<div class=\"elementor-element elementor-element-fd2d8eb e-flex e-con-boxed e-con e-parent\" data-id=\"fd2d8eb\" data-element_type=\"container\" data-settings=\"{&quot;sticky&quot;:&quot;top&quot;,&quot;sticky_on&quot;:[&quot;desktop&quot;,&quot;tablet&quot;],&quot;sticky_offset&quot;:110,&quot;sticky_parent&quot;:&quot;yes&quot;,&quot;sticky_effects_offset&quot;:0,&quot;sticky_anchor_link_offset&quot;:0}\">\n\t\t\t\t\t<div class=\"e-con-inner\">\n\t\t<div class=\"elementor-element elementor-element-6c49410 e-flex e-con-boxed e-con e-parent\" data-id=\"6c49410\" data-element_type=\"container\">\n\t\t\t\t\t<div class=\"e-con-inner\">\n\t\t\t\t<div class=\"elementor-element elementor-element-0ed2d93 standout bg-violette elementor-widget elementor-widget-heading\" data-id=\"0ed2d93\" data-element_type=\"widget\" data-widget_type=\"heading.default\">\n\t\t\t\t<div class=\"elementor-widget-container\">\n\t\t\t\t\t<h1 class=\"elementor-heading-title elementor-size-default\">Soutenir<\/h1>\t\t\t\t<\/div>\n\t\t\t\t<\/div>\n\t\t\t\t\t<\/div>\n\t\t\t\t<\/div>\n\t\t\t\t\t<\/div>\n\t\t\t\t<\/div>\n\t\t\t\t<\/div>\n\t\t\t\t<\/div>\n\t\t<div class=\"elementor-element elementor-element-363ce2a e-con-full e-flex e-con e-parent\" data-id=\"363ce2a\" data-element_type=\"container\" data-settings=\"{&quot;background_background&quot;:&quot;classic&quot;}\">\n\t\t<div class=\"elementor-element elementor-element-8f78156 e-con-full e-flex e-con e-parent\" data-id=\"8f78156\" data-element_type=\"container\">\n\t\t<div class=\"elementor-element elementor-element-190d814 e-flex e-con-boxed e-con e-parent\" data-id=\"190d814\" data-element_type=\"container\">\n\t\t\t\t\t<div class=\"e-con-inner\">\n\t\t\t\t<div class=\"elementor-element elementor-element-2bda737 standout bg-violette elementor-widget elementor-widget-heading\" data-id=\"2bda737\" data-element_type=\"widget\" data-widget_type=\"heading.default\">\n\t\t\t\t<div class=\"elementor-widget-container\">\n\t\t\t\t\t<h2 class=\"elementor-heading-title elementor-size-default\"><a href=\"https:\/\/staging.mass-voll.ch\/spenden\/\">Faire un don<\/a><\/h2>\t\t\t\t<\/div>\n\t\t\t\t<\/div>\n\t\t\t\t<div class=\"elementor-element elementor-element-c659f5e standout bg-violette elementor-widget elementor-widget-heading\" data-id=\"c659f5e\" data-element_type=\"widget\" data-widget_type=\"heading.default\">\n\t\t\t\t<div class=\"elementor-widget-container\">\n\t\t\t\t\t<h2 class=\"elementor-heading-title elementor-size-default\"><a href=\"https:\/\/staging.mass-voll.ch\/mitglied-werden\/\">Devenir membre<\/a><\/h2>\t\t\t\t<\/div>\n\t\t\t\t<\/div>\n\t\t\t\t<div class=\"elementor-element elementor-element-bedd064 standout bg-violette elementor-widget elementor-widget-heading\" data-id=\"bedd064\" data-element_type=\"widget\" data-widget_type=\"heading.default\">\n\t\t\t\t<div class=\"elementor-widget-container\">\n\t\t\t\t\t<h2 class=\"elementor-heading-title elementor-size-default\"><a href=\"https:\/\/staging.mass-voll.ch\/fr\/cadre-de-photo-de-profil\/\">Cadre de photo de profil<\/a><\/h2>\t\t\t\t<\/div>\n\t\t\t\t<\/div>\n\t\t\t\t\t<\/div>\n\t\t\t\t<\/div>\n\t\t\t\t<\/div>\n\t\t\t\t<\/div>\n\t\t\t\t\t<\/div>\n\t\t\t\t<\/div>\n\t\t\t\t<\/div>\n\t\t\t\t<\/div>\n\t\t\t\t\t\t<\/div>\n\t\t\t\t<\/div>\n\t\t\t\t<\/div>\n\t\t\t\t<\/div>\n\t\t","protected":false},"excerpt":{"rendered":"<p>Impression Adresse de contact \u200dMASS-VOLL! Case postale 8021 Zurich E-mail : contact@mass-voll.ch Personne habilit\u00e9e \u00e0 repr\u00e9senter Nicolas A. Rimoldi, pr\u00e9sident Impression Clause de non-responsabilit\u00e9 \u200dL&lsquo;auteur n&rsquo;assume aucune garantie quant \u00e0 la v\u00e9racit\u00e9, l&rsquo;exactitude, l&rsquo;actualit\u00e9, la fiabilit\u00e9 et l&rsquo;exhaustivit\u00e9 des informations. L&rsquo;auteur ne saurait \u00eatre tenu pour responsable des dommages mat\u00e9riels ou immat\u00e9riels qui pourraient \u00eatre [&hellip;]<\/p>\n","protected":false},"author":1,"featured_media":0,"parent":0,"menu_order":0,"comment_status":"closed","ping_status":"closed","template":"elementor_header_footer","meta":{"_acf_changed":false,"footnotes":""},"class_list":["post-4043","page","type-page","status-publish","hentry"],"acf":[],"yoast_head":"<!-- This site is optimized with the Yoast SEO plugin v25.3.1 - https:\/\/yoast.com\/wordpress\/plugins\/seo\/ -->\n<title>Impression - MASS-VOLL!<\/title>\n<meta name=\"robots\" content=\"noindex, follow, max-snippet:-1, max-image-preview:large, max-video-preview:-1\" \/>\n<meta property=\"og:locale\" content=\"fr_FR\" \/>\n<meta property=\"og:type\" content=\"article\" \/>\n<meta property=\"og:title\" content=\"Impression - MASS-VOLL!\" \/>\n<meta property=\"og:description\" content=\"Impression Adresse de contact \u200dMASS-VOLL! Case postale 8021 Zurich E-mail : contact@mass-voll.ch Personne habilit\u00e9e \u00e0 repr\u00e9senter Nicolas A. Rimoldi, pr\u00e9sident Impression Clause de non-responsabilit\u00e9 \u200dL&lsquo;auteur n&rsquo;assume aucune garantie quant \u00e0 la v\u00e9racit\u00e9, l&rsquo;exactitude, l&rsquo;actualit\u00e9, la fiabilit\u00e9 et l&rsquo;exhaustivit\u00e9 des informations. L&rsquo;auteur ne saurait \u00eatre tenu pour responsable des dommages mat\u00e9riels ou immat\u00e9riels qui pourraient \u00eatre [&hellip;]\" \/>\n<meta property=\"og:url\" content=\"https:\/\/staging.mass-voll.ch\/fr\/impression\/\" \/>\n<meta property=\"og:site_name\" content=\"MASS-VOLL!\" \/>\n<meta property=\"article:modified_time\" content=\"2023-08-15T20:28:30+00:00\" \/>\n<meta name=\"twitter:card\" content=\"summary_large_image\" \/>\n<meta name=\"twitter:label1\" content=\"Dur\u00e9e de lecture estim\u00e9e\" \/>\n\t<meta name=\"twitter:data1\" content=\"1 minute\" \/>\n<script type=\"application\/ld+json\" class=\"yoast-schema-graph\">{\"@context\":\"https:\/\/schema.org\",\"@graph\":[{\"@type\":\"WebPage\",\"@id\":\"https:\/\/staging.mass-voll.ch\/fr\/impression\/\",\"url\":\"https:\/\/staging.mass-voll.ch\/fr\/impression\/\",\"name\":\"Impression - MASS-VOLL!\",\"isPartOf\":{\"@id\":\"https:\/\/staging.mass-voll.ch\/#website\"},\"datePublished\":\"2023-08-09T14:09:09+00:00\",\"dateModified\":\"2023-08-15T20:28:30+00:00\",\"breadcrumb\":{\"@id\":\"https:\/\/staging.mass-voll.ch\/fr\/impression\/#breadcrumb\"},\"inLanguage\":\"fr-FR\",\"potentialAction\":[{\"@type\":\"ReadAction\",\"target\":[\"https:\/\/staging.mass-voll.ch\/fr\/impression\/\"]}]},{\"@type\":\"BreadcrumbList\",\"@id\":\"https:\/\/staging.mass-voll.ch\/fr\/impression\/#breadcrumb\",\"itemListElement\":[{\"@type\":\"ListItem\",\"position\":1,\"name\":\"Startseite\",\"item\":\"https:\/\/staging.mass-voll.ch\/fr\/\"},{\"@type\":\"ListItem\",\"position\":2,\"name\":\"Impression\"}]},{\"@type\":\"WebSite\",\"@id\":\"https:\/\/staging.mass-voll.ch\/#website\",\"url\":\"https:\/\/staging.mass-voll.ch\/\",\"name\":\"MASS-VOLL!\",\"description\":\"\",\"publisher\":{\"@id\":\"https:\/\/staging.mass-voll.ch\/#organization\"},\"potentialAction\":[{\"@type\":\"SearchAction\",\"target\":{\"@type\":\"EntryPoint\",\"urlTemplate\":\"https:\/\/staging.mass-voll.ch\/?s={search_term_string}\"},\"query-input\":{\"@type\":\"PropertyValueSpecification\",\"valueRequired\":true,\"valueName\":\"search_term_string\"}}],\"inLanguage\":\"fr-FR\"},{\"@type\":\"Organization\",\"@id\":\"https:\/\/staging.mass-voll.ch\/#organization\",\"name\":\"MASS-VOLL!\",\"url\":\"https:\/\/staging.mass-voll.ch\/\",\"logo\":{\"@type\":\"ImageObject\",\"inLanguage\":\"fr-FR\",\"@id\":\"https:\/\/staging.mass-voll.ch\/#\/schema\/logo\/image\/\",\"url\":\"https:\/\/staging.mass-voll.ch\/wp-content\/uploads\/2023\/06\/LogoMV.svg\",\"contentUrl\":\"https:\/\/staging.mass-voll.ch\/wp-content\/uploads\/2023\/06\/LogoMV.svg\",\"width\":14217,\"height\":2611,\"caption\":\"MASS-VOLL!\"},\"image\":{\"@id\":\"https:\/\/staging.mass-voll.ch\/#\/schema\/logo\/image\/\"}}]}<\/script>\n<!-- \/ Yoast SEO plugin. -->","yoast_head_json":{"title":"Impression - MASS-VOLL!","robots":{"index":"noindex","follow":"follow","max-snippet":"max-snippet:-1","max-image-preview":"max-image-preview:large","max-video-preview":"max-video-preview:-1"},"og_locale":"fr_FR","og_type":"article","og_title":"Impression - MASS-VOLL!","og_description":"Impression Adresse de contact \u200dMASS-VOLL! Case postale 8021 Zurich E-mail : contact@mass-voll.ch Personne habilit\u00e9e \u00e0 repr\u00e9senter Nicolas A. Rimoldi, pr\u00e9sident Impression Clause de non-responsabilit\u00e9 \u200dL&lsquo;auteur n&rsquo;assume aucune garantie quant \u00e0 la v\u00e9racit\u00e9, l&rsquo;exactitude, l&rsquo;actualit\u00e9, la fiabilit\u00e9 et l&rsquo;exhaustivit\u00e9 des informations. L&rsquo;auteur ne saurait \u00eatre tenu pour responsable des dommages mat\u00e9riels ou immat\u00e9riels qui pourraient \u00eatre [&hellip;]","og_url":"https:\/\/staging.mass-voll.ch\/fr\/impression\/","og_site_name":"MASS-VOLL!","article_modified_time":"2023-08-15T20:28:30+00:00","twitter_card":"summary_large_image","twitter_misc":{"Dur\u00e9e de lecture estim\u00e9e":"1 minute"},"schema":{"@context":"https:\/\/schema.org","@graph":[{"@type":"WebPage","@id":"https:\/\/staging.mass-voll.ch\/fr\/impression\/","url":"https:\/\/staging.mass-voll.ch\/fr\/impression\/","name":"Impression - MASS-VOLL!","isPartOf":{"@id":"https:\/\/staging.mass-voll.ch\/#website"},"datePublished":"2023-08-09T14:09:09+00:00","dateModified":"2023-08-15T20:28:30+00:00","breadcrumb":{"@id":"https:\/\/staging.mass-voll.ch\/fr\/impression\/#breadcrumb"},"inLanguage":"fr-FR","potentialAction":[{"@type":"ReadAction","target":["https:\/\/staging.mass-voll.ch\/fr\/impression\/"]}]},{"@type":"BreadcrumbList","@id":"https:\/\/staging.mass-voll.ch\/fr\/impression\/#breadcrumb","itemListElement":[{"@type":"ListItem","position":1,"name":"Startseite","item":"https:\/\/staging.mass-voll.ch\/fr\/"},{"@type":"ListItem","position":2,"name":"Impression"}]},{"@type":"WebSite","@id":"https:\/\/staging.mass-voll.ch\/#website","url":"https:\/\/staging.mass-voll.ch\/","name":"MASS-VOLL!","description":"","publisher":{"@id":"https:\/\/staging.mass-voll.ch\/#organization"},"potentialAction":[{"@type":"SearchAction","target":{"@type":"EntryPoint","urlTemplate":"https:\/\/staging.mass-voll.ch\/?s={search_term_string}"},"query-input":{"@type":"PropertyValueSpecification","valueRequired":true,"valueName":"search_term_string"}}],"inLanguage":"fr-FR"},{"@type":"Organization","@id":"https:\/\/staging.mass-voll.ch\/#organization","name":"MASS-VOLL!","url":"https:\/\/staging.mass-voll.ch\/","logo":{"@type":"ImageObject","inLanguage":"fr-FR","@id":"https:\/\/staging.mass-voll.ch\/#\/schema\/logo\/image\/","url":"https:\/\/staging.mass-voll.ch\/wp-content\/uploads\/2023\/06\/LogoMV.svg","contentUrl":"https:\/\/staging.mass-voll.ch\/wp-content\/uploads\/2023\/06\/LogoMV.svg","width":14217,"height":2611,"caption":"MASS-VOLL!"},"image":{"@id":"https:\/\/staging.mass-voll.ch\/#\/schema\/logo\/image\/"}}]}},"_links":{"self":[{"href":"https:\/\/staging.mass-voll.ch\/fr\/wp-json\/wp\/v2\/pages\/4043","targetHints":{"allow":["GET"]}}],"collection":[{"href":"https:\/\/staging.mass-voll.ch\/fr\/wp-json\/wp\/v2\/pages"}],"about":[{"href":"https:\/\/staging.mass-voll.ch\/fr\/wp-json\/wp\/v2\/types\/page"}],"author":[{"embeddable":true,"href":"https:\/\/staging.mass-voll.ch\/fr\/wp-json\/wp\/v2\/users\/1"}],"replies":[{"embeddable":true,"href":"https:\/\/staging.mass-voll.ch\/fr\/wp-json\/wp\/v2\/comments?post=4043"}],"version-history":[{"count":0,"href":"https:\/\/staging.mass-voll.ch\/fr\/wp-json\/wp\/v2\/pages\/4043\/revisions"}],"wp:attachment":[{"href":"https:\/\/staging.mass-voll.ch\/fr\/wp-json\/wp\/v2\/media?parent=4043"}],"curies":[{"name":"wp","href":"https:\/\/api.w.org\/{rel}","templated":true}]}}