{"id":3543,"date":"2023-07-06T15:40:24","date_gmt":"2023-07-06T13:40:24","guid":{"rendered":"https:\/\/staging.mass-voll.ch\/?page_id=3543"},"modified":"2023-09-22T16:12:40","modified_gmt":"2023-09-22T14:12:40","slug":"donner","status":"publish","type":"page","link":"https:\/\/staging.mass-voll.ch\/fr\/donner\/","title":{"rendered":"Donner"},"content":{"rendered":"\t\t<div data-elementor-type=\"wp-page\" data-elementor-id=\"3543\" class=\"elementor elementor-3543\" data-elementor-post-type=\"page\">\n\t\t\t\t<div class=\"elementor-element elementor-element-fc2968b e-flex e-con-boxed e-con e-parent\" data-id=\"fc2968b\" data-element_type=\"container\">\n\t\t\t\t\t<div class=\"e-con-inner\">\n\t\t\t\t<div class=\"elementor-element elementor-element-72f9fcb elementor-widget elementor-widget-spacer\" data-id=\"72f9fcb\" data-element_type=\"widget\" data-widget_type=\"spacer.default\">\n\t\t\t\t<div class=\"elementor-widget-container\">\n\t\t\t\t\t\t\t<div class=\"elementor-spacer\">\n\t\t\t<div class=\"elementor-spacer-inner\"><\/div>\n\t\t<\/div>\n\t\t\t\t\t\t<\/div>\n\t\t\t\t<\/div>\n\t\t\t\t\t<\/div>\n\t\t\t\t<\/div>\n\t\t<div class=\"elementor-element elementor-element-69e7c55 e-con-full e-flex e-con e-parent\" data-id=\"69e7c55\" data-element_type=\"container\">\n\t\t<div class=\"elementor-element elementor-element-5c051cc e-con-full e-flex e-con e-parent\" data-id=\"5c051cc\" data-element_type=\"container\" data-settings=\"{&quot;background_background&quot;:&quot;classic&quot;}\">\n\t\t<div class=\"elementor-element elementor-element-a885e74 e-con-full e-flex e-con e-parent\" data-id=\"a885e74\" data-element_type=\"container\">\n\t\t\t\t<div class=\"elementor-element elementor-element-d17bae4 elementor-widget elementor-widget-heading\" data-id=\"d17bae4\" data-element_type=\"widget\" data-widget_type=\"heading.default\">\n\t\t\t\t<div class=\"elementor-widget-container\">\n\t\t\t\t\t<h1 class=\"elementor-heading-title elementor-size-default\">Donner<\/h1>\t\t\t\t<\/div>\n\t\t\t\t<\/div>\n\t\t\t\t<div class=\"elementor-element elementor-element-416a967 elementor-widget elementor-widget-text-editor\" data-id=\"416a967\" data-element_type=\"widget\" data-widget_type=\"text-editor.default\">\n\t\t\t\t<div class=\"elementor-widget-container\">\n\t\t\t\t\t\t\t\t\t<p><strong>Nous avons encore beaucoup \u00e0 faire ! Soutenez-nous en faisant un don<\/strong><\/p>\t\t\t\t\t\t\t\t<\/div>\n\t\t\t\t<\/div>\n\t\t\t\t<div class=\"elementor-element elementor-element-b40ab7a elementor-widget elementor-widget-text-editor\" data-id=\"b40ab7a\" data-element_type=\"widget\" data-widget_type=\"text-editor.default\">\n\t\t\t\t<div class=\"elementor-widget-container\">\n\t\t\t\t\t\t\t\t\t<div><div class=\"column-w-max none\"><p class=\"subhead\">MASS-VOLL! est un mouvement politique ind\u00e9pendant qui se bat pour une Suisse dans laquelle chacun peut vivre librement, de mani\u00e8re autonome et sans discrimination. Nous nous engageons pour une politique digne de l&rsquo;\u00eatre humain, bas\u00e9e sur la tol\u00e9rance et le respect mutuel. Car les droits fondamentaux appartiennent \u00e0 tous les \u00eatres humains &#8211; ind\u00e9pendamment de la couleur de peau, de la religion, de la profession, du sexe, du revenu ou du statut vaccinal!<br \/><br \/>Pour que nous puissions d\u00e9fendre nos valeurs et r\u00e9aliser une Suisse meilleure, nous avons besoin de votre don!<\/p><\/div><\/div>\t\t\t\t\t\t\t\t<\/div>\n\t\t\t\t<\/div>\n\t\t\t\t<div class=\"elementor-element elementor-element-ae44a67 elementor-widget elementor-widget-text-editor\" data-id=\"ae44a67\" data-element_type=\"widget\" data-widget_type=\"text-editor.default\">\n\t\t\t\t<div class=\"elementor-widget-container\">\n\t\t\t\t\t\t\t\t\t<p>Bank:<br \/>MASS-VOLL!<br \/>6003 Lucerne\u00a0<\/p><p>CHF: CH67 0077 8214 9839 6200 1<br \/>EUR: CH51 0077 8214 9839 6200 3<br \/>\u200d<br \/>Swift:<br \/>LUKBCH2260A<\/p>\t\t\t\t\t\t\t\t<\/div>\n\t\t\t\t<\/div>\n\t\t<div class=\"elementor-element elementor-element-86c74ad e-con-full e-flex e-con e-parent\" data-id=\"86c74ad\" data-element_type=\"container\">\n\t\t\t\t<div class=\"elementor-element elementor-element-9a9eb96 elementor-align-justify elementor-widget elementor-widget-button\" data-id=\"9a9eb96\" data-element_type=\"widget\" data-widget_type=\"button.default\">\n\t\t\t\t<div class=\"elementor-widget-container\">\n\t\t\t\t\t\t\t\t\t<div class=\"elementor-button-wrapper\">\n\t\t\t\t\t<a class=\"elementor-button elementor-button-link elementor-size-xl\" href=\"https:\/\/staging.mass-voll.ch\/wp-content\/uploads\/2023\/08\/20230818_Formularbestellung_Zahlungsverkehr_CH08_0077_8214_9839_6200_1_250386404.pdf\" target=\"_blank\">\n\t\t\t\t\t\t<span class=\"elementor-button-content-wrapper\">\n\t\t\t\t\t\t<span class=\"elementor-button-icon\">\n\t\t\t\t<i aria-hidden=\"true\" class=\"fas fa-file-pdf\"><\/i>\t\t\t<\/span>\n\t\t\t\t\t\t\t\t\t<span class=\"elementor-button-text\">Bulletin de versement<\/span>\n\t\t\t\t\t<\/span>\n\t\t\t\t\t<\/a>\n\t\t\t\t<\/div>\n\t\t\t\t\t\t\t\t<\/div>\n\t\t\t\t<\/div>\n\t\t<div class=\"elementor-element elementor-element-8609893 e-con-full e-flex e-con e-parent\" data-id=\"8609893\" data-element_type=\"container\">\n\t\t\t\t<div class=\"elementor-element elementor-element-5373f49 elementor-widget elementor-widget-html\" data-id=\"5373f49\" data-element_type=\"widget\" data-widget_type=\"html.default\">\n\t\t\t\t<div class=\"elementor-widget-container\">\n\t\t\t\t\t<iframe title=\"Payrexx\" src=\"https:\/\/mass-voll.payrexx.com\/fr\/pay?cid=a123f360&donation[preselect_amount]=100&donation[preselect_interval]=one_time&appview=1\" allow=\"payment *\" width=\"100%\" height=\"800\" style=\"border:0;\" id=\"payrexx-embed\"><\/iframe>\t\t\t\t<\/div>\n\t\t\t\t<\/div>\n\t\t\t\t<\/div>\n\t\t<div class=\"elementor-element elementor-element-5c36571 e-con-full e-flex e-con e-parent\" data-id=\"5c36571\" data-element_type=\"container\">\n\t\t\t\t<div class=\"elementor-element elementor-element-294cea4 elementor-widget elementor-widget-text-editor\" data-id=\"294cea4\" data-element_type=\"widget\" data-widget_type=\"text-editor.default\">\n\t\t\t\t<div class=\"elementor-widget-container\">\n\t\t\t\t\t\t\t\t\t<p><strong>Bitcoin \u20bf<\/strong><\/p>\t\t\t\t\t\t\t\t<\/div>\n\t\t\t\t<\/div>\n\t\t\t\t<div class=\"elementor-element elementor-element-2471eea elementor-widget elementor-widget-html\" data-id=\"2471eea\" data-element_type=\"widget\" data-widget_type=\"html.default\">\n\t\t\t\t<div class=\"elementor-widget-container\">\n\t\t\t\t\t<div class=\"html-embed-2 w-embed\"><style type=\"text\/css\"> .btcpay-form { display: inline-flex; align-items: center; justify-content: center; } .btcpay-form--inline { flex-direction: row; } .btcpay-form--block { flex-direction: column; } .btcpay-form--inline .submit { margin-left: 15px; } .btcpay-form--block select { margin-bottom: 10px; } .btcpay-form .btcpay-custom-container{ text-align: center; }.btcpay-custom { display: flex; align-items: center; justify-content: center; } .btcpay-form .plus-minus { cursor:pointer; font-size:25px; line-height: 25px; background: #DFE0E1; height: 30px; width: 45px; border:none; border-radius: 60px; margin: auto 5px; display: inline-flex; justify-content: center; } .btcpay-form select { -moz-appearance: none; -webkit-appearance: none; appearance: none; color: black; text-align: center;background: transparent; border:1px solid transparent; display: block; padding: 1px; margin-left: auto; margin-right: auto; font-size: 11px; cursor: pointer; } .btcpay-form select:hover { border-color: #ccc; } #btcpay-input-price { -moz-appearance: none; -webkit-appearance: none; border: none; box-shadow: none; text-align: center; font-size: 25px; margin: auto; border-radius: 5px; line-height: 35px; background: #fff; } #btcpay-input-price::-webkit-outer-spin-button, #btcpay-input-price::-webkit-inner-spin-button { -webkit-appearance: none; margin: 0; } <\/style>\n<style type=\"text\/css\">select option { color: black; } input[type=range].btcpay-input-range { -webkit-appearance:none; width:100%; background: transparent; } input[type=range].btcpay-input-range:focus { outline:0; } input[type=range].btcpay-input-range::-webkit-slider-runnable-track { width:100%; height:3.1px; cursor:pointer; box-shadow:0 0 1.7px #020,0 0 0 #003c00; background:#f3f3f3; border-radius:1px; border:0; } input[type=range].btcpay-input-range::-webkit-slider-thumb { box-shadow:none; border:2.5px solid #cedc21; height:22px; width:22px; border-radius:50%; background:#0f3723; cursor:pointer; -webkit-appearance:none; margin-top:-9.45px } input[type=range].btcpay-input-range:focus::-webkit-slider-runnable-track { background:#fff; } input[type=range].btcpay-input-range::-moz-range-track { width:100%; height:3.1px; cursor:pointer; box-shadow:0 0 1.7px #020,0 0 0 #003c00; background:#f3f3f3; border-radius:1px; border:0; } input[type=range].btcpay-input-range::-moz-range-thumb { box-shadow:none; border:2.5px solid #cedc21; height:22px; width:22px; border-radius:50%; background:#0f3723; cursor:pointer; } input[type=range].btcpay-input-range::-ms-track { width:100%; height:3.1px; cursor:pointer; background:0 0; border-color:transparent; color:transparent; } input[type=range].btcpay-input-range::-ms-fill-lower { background:#e6e6e6; border:0; border-radius:2px; box-shadow:0 0 1.7px #020,0 0 0 #003c00; } input[type=range].btcpay-input-range::-ms-fill-upper { background:#f3f3f3; border:0; border-radius:2px; box-shadow:0 0 1.7px #020,0 0 0 #003c00; } input[type=range].btcpay-input-range::-ms-thumb { box-shadow:none; border:2.5px solid #cedc21; height:22px; width:22px; border-radius:50%; background:#0f3723; cursor:pointer; height:3.1px; } input[type=range].btcpay-input-range:focus::-ms-fill-lower { background:#f3f3f3; } input[type=range].btcpay-input-range:focus::-ms-fill-upper { background:#fff; } <\/style>\n<form method=\"POST\" action=\"https:\/\/mainnet.demo.btcpayserver.org\/api\/v1\/invoices\" class=\"btcpay-form btcpay-form--block\">\n  <input type=\"hidden\" name=\"storeId\" value=\"9BMqerxWmGbVNmGjdH25xwKZyAdPGgKURQYeMy3nZz4X\">\n  <div class=\"btcpay-custom-container\">\n    <input id=\"btcpay-input-price\" name=\"price\" type=\"text\" min=\"0\" max=\"none\" step=\"any\" value=\"10\" style=\"width: 209px;\" oninput=\"event.preventDefault();isNaN(event.target.value)? document.querySelector('#btcpay-input-price').value = 10 : event.target.value; if (this.value < undefined) {this.value = undefined; } else if(this.value > undefined){  this.value = undefined;}\" onchange=\"var el=document.querySelector('#btcpay-input-price'); var price = parseInt(el.value);  if(price< 10) { el.value = 10} else if(price> 20000) { el.value = 20000} document.querySelector('#btcpay-input-range').value = el.value\">\n    <select name=\"currency\">\n      <option value=\"CHF\" selected=\"\">CHF<\/option>\n      <option value=\"USD\">USD<\/option>\n      <option value=\"EUR\">EUR<\/option>\n      <option value=\"BTC\">BTC<\/option>\n    <\/select>\n    <input class=\"btcpay-input-range\" id=\"btcpay-input-range\" value=\"10\" type=\"range\" min=\"10\" max=\"20000\" step=\"1\" style=\"width:209px;margin-bottom:15px;\" oninput=\"document.querySelector('#btcpay-input-price').value = document.querySelector('#btcpay-input-range').value\">\n  <\/div>\n<button type=\"submit\" class=\"submit\" name=\"submit\" style=\"min-width:209px; min-height:57px; border-radius: 4px;border-style: none;background-color: #0f3b21;\" alt=\"Pay with BtcPay, Self-Hosted Bitcoin Payment Processor\"><span style=\"color:#fff\">Spenden mit<\/span>\n\n\n<svg width=\"100\" style=\"vertical-align: middle;margin-left:10px;\" viewBox=\"0 0 196 86\" object-fit:=\"\" contain;\"=\"\" xmlns=\"http:\/\/www.w3.org\/2000\/svg\">\n<path d=\"M5.206 83.433a4.86 4.86 0 01-4.859-4.861V5.431a4.86 4.86 0 119.719 0v73.141a4.861 4.861 0 01-4.86 4.861\" fill=\"white\" class=\"logo-brand-light\"><\/path>\n<path d=\"M5.209 83.433a4.862 4.862 0 01-2.086-9.253L32.43 60.274 2.323 38.093a4.861 4.861 0 015.766-7.826l36.647 26.999a4.864 4.864 0 01-.799 8.306L7.289 82.964a4.866 4.866 0 01-2.08.469\" fill=\"white\" class=\"logo-brand-medium\"><\/path>\n<path d=\"M5.211 54.684a4.86 4.86 0 01-2.887-8.774L32.43 23.73 3.123 9.821a4.861 4.861 0 014.166-8.784l36.648 17.394a4.86 4.86 0 01.799 8.305l-36.647 27a4.844 4.844 0 01-2.878.948\" fill=\"white\" class=\"logo-brand-light\"><\/path>\n<path d=\"M10.066 31.725v20.553L24.01 42.006z\" fill=\"#1E7A44\" class=\"logo-brand-dark\"><\/path>\n<path d=\"M10.066 5.431A4.861 4.861 0 005.206.57 4.86 4.86 0 00.347 5.431v61.165h9.72V5.431h-.001z\" fill=\"white\" class=\"logo-brand-light\"><\/path>\n<path d=\"M5.206 83.433a4.86 4.86 0 01-4.859-4.861V5.431a4.86 4.86 0 119.719 0v73.141a4.861 4.861 0 01-4.86 4.861\" fill=\"white\" class=\"logo-brand-light\"><\/path>\n<path d=\"M5.209 83.433a4.862 4.862 0 01-2.086-9.253L32.43 60.274 2.323 38.093a4.861 4.861 0 015.766-7.826l36.647 26.999a4.864 4.864 0 01-.799 8.306L7.289 82.964a4.866 4.866 0 01-2.08.469\" fill=\"white\" class=\"logo-brand-medium\"><\/path>\n<path d=\"M5.211 54.684a4.86 4.86 0 01-2.887-8.774L32.43 23.73 3.123 9.821a4.861 4.861 0 014.166-8.784l36.648 17.394a4.86 4.86 0 01.799 8.305l-36.647 27a4.844 4.844 0 01-2.878.948\" fill=\"white&quot;\" class=\"logo-brand-light\"><\/path>\n<path d=\"M10.066 31.725v20.553L24.01 42.006z\" fill=\"white\" class=\"logo-brand-dark\"><\/path>\n<path d=\"M10.066 5.431A4.861 4.861 0 005.206.57 4.86 4.86 0 00.347 5.431v61.165h9.72V5.431h-.001z\" fill=\"white\" class=\"logo-brand-light\"><\/path>\n<path d=\"M74.355 41.412c3.114.884 4.84 3.704 4.84 7.238 0 5.513-3.368 8.082-7.955 8.082H60.761V27.271h9.259c4.504 0 7.997 2.146 7.997 7.743 0 2.821-1.179 5.43-3.662 6.398m-4.293-.716c3.324 0 6.018-1.179 6.018-5.724 0-4.586-2.776-5.808-6.145-5.808h-7.197v11.531h7.324v.001zm1.052 14.099c3.366 0 6.06-1.768 6.06-6.145 0-4.713-3.072-6.144-6.901-6.144h-7.534v12.288h8.375v.001zM98.893 27.271v1.81h-8.122v27.651h-1.979V29.081h-8.123v-1.81zM112.738 26.85c5.01 0 9.554 2.524 10.987 8.543h-1.895c-1.348-4.923-5.303-6.732-9.134-6.732-6.944 0-10.605 5.681-10.605 13.341 0 8.08 3.661 13.256 10.646 13.256 4.125 0 7.828-1.85 9.26-7.279h1.895c-1.264 6.271-6.229 9.174-11.154 9.174-7.87 0-12.583-5.808-12.583-15.15 0-8.966 4.969-15.153 12.583-15.153M138.709 27.271c5.091 0 8.795 3.326 8.795 9.764 0 6.06-3.704 9.722-8.795 9.722h-7.746v9.976h-1.935V27.271h9.681zm0 17.549c3.745 0 6.816-2.397 6.816-7.827 0-5.429-2.947-7.869-6.816-7.869h-7.746V44.82h7.746zM147.841 56.732v-.255l11.741-29.29h.885l11.615 29.29v.255h-2.062l-3.322-8.501H153.27l-3.324 8.501h-2.105zm12.164-26.052l-6.059 15.697h12.078l-6.019-15.697zM189.551 27.271h2.104v.293l-9.176 16.92v12.248h-2.02V44.484l-9.216-16.961v-.252h2.147l3.997 7.492 4.043 7.786h.04l4.081-7.786z\" fill=\"white\" class=\"logo-brand-text\"><\/path>\n<\/svg>\n<\/button>\n\n<\/form><\/div>\t\t\t\t<\/div>\n\t\t\t\t<\/div>\n\t\t\t\t<\/div>\n\t\t\t\t<\/div>\n\t\t\t\t<\/div>\n\t\t\t\t<\/div>\n\t\t<div class=\"elementor-element elementor-element-ae5284e e-con-full e-flex e-con e-parent\" data-id=\"ae5284e\" data-element_type=\"container\" data-settings=\"{&quot;background_background&quot;:&quot;classic&quot;}\">\n\t\t\t\t<\/div>\n\t\t\t\t<\/div>\n\t\t\t\t<\/div>\n\t\t","protected":false},"excerpt":{"rendered":"<p>Donner Nous avons encore beaucoup \u00e0 faire ! Soutenez-nous en faisant un don MASS-VOLL! est un mouvement politique ind\u00e9pendant qui se bat pour une Suisse dans laquelle chacun peut vivre librement, de mani\u00e8re autonome et sans discrimination. Nous nous engageons pour une politique digne de l&rsquo;\u00eatre humain, bas\u00e9e sur la tol\u00e9rance et le respect mutuel. [&hellip;]<\/p>\n","protected":false},"author":1,"featured_media":0,"parent":0,"menu_order":0,"comment_status":"closed","ping_status":"closed","template":"","meta":{"_acf_changed":false,"footnotes":""},"class_list":["post-3543","page","type-page","status-publish","hentry"],"acf":[],"yoast_head":"<!-- This site is optimized with the Yoast SEO plugin v25.3.1 - https:\/\/yoast.com\/wordpress\/plugins\/seo\/ -->\n<title>Donner - MASS-VOLL!<\/title>\n<meta name=\"robots\" content=\"noindex, follow, max-snippet:-1, max-image-preview:large, max-video-preview:-1\" \/>\n<meta property=\"og:locale\" content=\"fr_FR\" \/>\n<meta property=\"og:type\" content=\"article\" \/>\n<meta property=\"og:title\" content=\"Donner - MASS-VOLL!\" \/>\n<meta property=\"og:description\" content=\"Donner Nous avons encore beaucoup \u00e0 faire ! Soutenez-nous en faisant un don MASS-VOLL! est un mouvement politique ind\u00e9pendant qui se bat pour une Suisse dans laquelle chacun peut vivre librement, de mani\u00e8re autonome et sans discrimination. Nous nous engageons pour une politique digne de l&rsquo;\u00eatre humain, bas\u00e9e sur la tol\u00e9rance et le respect mutuel. [&hellip;]\" \/>\n<meta property=\"og:url\" content=\"https:\/\/staging.mass-voll.ch\/fr\/donner\/\" \/>\n<meta property=\"og:site_name\" content=\"MASS-VOLL!\" \/>\n<meta property=\"article:modified_time\" content=\"2023-09-22T14:12:40+00:00\" \/>\n<meta name=\"twitter:card\" content=\"summary_large_image\" \/>\n<meta name=\"twitter:label1\" content=\"Dur\u00e9e de lecture estim\u00e9e\" \/>\n\t<meta name=\"twitter:data1\" content=\"1 minute\" \/>\n<script type=\"application\/ld+json\" class=\"yoast-schema-graph\">{\"@context\":\"https:\/\/schema.org\",\"@graph\":[{\"@type\":\"WebPage\",\"@id\":\"https:\/\/staging.mass-voll.ch\/fr\/donner\/\",\"url\":\"https:\/\/staging.mass-voll.ch\/fr\/donner\/\",\"name\":\"Donner - MASS-VOLL!\",\"isPartOf\":{\"@id\":\"https:\/\/staging.mass-voll.ch\/#website\"},\"datePublished\":\"2023-07-06T13:40:24+00:00\",\"dateModified\":\"2023-09-22T14:12:40+00:00\",\"breadcrumb\":{\"@id\":\"https:\/\/staging.mass-voll.ch\/fr\/donner\/#breadcrumb\"},\"inLanguage\":\"fr-FR\",\"potentialAction\":[{\"@type\":\"ReadAction\",\"target\":[\"https:\/\/staging.mass-voll.ch\/fr\/donner\/\"]}]},{\"@type\":\"BreadcrumbList\",\"@id\":\"https:\/\/staging.mass-voll.ch\/fr\/donner\/#breadcrumb\",\"itemListElement\":[{\"@type\":\"ListItem\",\"position\":1,\"name\":\"Startseite\",\"item\":\"https:\/\/staging.mass-voll.ch\/fr\/\"},{\"@type\":\"ListItem\",\"position\":2,\"name\":\"Donner\"}]},{\"@type\":\"WebSite\",\"@id\":\"https:\/\/staging.mass-voll.ch\/#website\",\"url\":\"https:\/\/staging.mass-voll.ch\/\",\"name\":\"MASS-VOLL!\",\"description\":\"\",\"publisher\":{\"@id\":\"https:\/\/staging.mass-voll.ch\/#organization\"},\"potentialAction\":[{\"@type\":\"SearchAction\",\"target\":{\"@type\":\"EntryPoint\",\"urlTemplate\":\"https:\/\/staging.mass-voll.ch\/?s={search_term_string}\"},\"query-input\":{\"@type\":\"PropertyValueSpecification\",\"valueRequired\":true,\"valueName\":\"search_term_string\"}}],\"inLanguage\":\"fr-FR\"},{\"@type\":\"Organization\",\"@id\":\"https:\/\/staging.mass-voll.ch\/#organization\",\"name\":\"MASS-VOLL!\",\"url\":\"https:\/\/staging.mass-voll.ch\/\",\"logo\":{\"@type\":\"ImageObject\",\"inLanguage\":\"fr-FR\",\"@id\":\"https:\/\/staging.mass-voll.ch\/#\/schema\/logo\/image\/\",\"url\":\"https:\/\/staging.mass-voll.ch\/wp-content\/uploads\/2023\/06\/LogoMV.svg\",\"contentUrl\":\"https:\/\/staging.mass-voll.ch\/wp-content\/uploads\/2023\/06\/LogoMV.svg\",\"width\":14217,\"height\":2611,\"caption\":\"MASS-VOLL!\"},\"image\":{\"@id\":\"https:\/\/staging.mass-voll.ch\/#\/schema\/logo\/image\/\"}}]}<\/script>\n<!-- \/ Yoast SEO plugin. -->","yoast_head_json":{"title":"Donner - MASS-VOLL!","robots":{"index":"noindex","follow":"follow","max-snippet":"max-snippet:-1","max-image-preview":"max-image-preview:large","max-video-preview":"max-video-preview:-1"},"og_locale":"fr_FR","og_type":"article","og_title":"Donner - MASS-VOLL!","og_description":"Donner Nous avons encore beaucoup \u00e0 faire ! Soutenez-nous en faisant un don MASS-VOLL! est un mouvement politique ind\u00e9pendant qui se bat pour une Suisse dans laquelle chacun peut vivre librement, de mani\u00e8re autonome et sans discrimination. Nous nous engageons pour une politique digne de l&rsquo;\u00eatre humain, bas\u00e9e sur la tol\u00e9rance et le respect mutuel. [&hellip;]","og_url":"https:\/\/staging.mass-voll.ch\/fr\/donner\/","og_site_name":"MASS-VOLL!","article_modified_time":"2023-09-22T14:12:40+00:00","twitter_card":"summary_large_image","twitter_misc":{"Dur\u00e9e de lecture estim\u00e9e":"1 minute"},"schema":{"@context":"https:\/\/schema.org","@graph":[{"@type":"WebPage","@id":"https:\/\/staging.mass-voll.ch\/fr\/donner\/","url":"https:\/\/staging.mass-voll.ch\/fr\/donner\/","name":"Donner - MASS-VOLL!","isPartOf":{"@id":"https:\/\/staging.mass-voll.ch\/#website"},"datePublished":"2023-07-06T13:40:24+00:00","dateModified":"2023-09-22T14:12:40+00:00","breadcrumb":{"@id":"https:\/\/staging.mass-voll.ch\/fr\/donner\/#breadcrumb"},"inLanguage":"fr-FR","potentialAction":[{"@type":"ReadAction","target":["https:\/\/staging.mass-voll.ch\/fr\/donner\/"]}]},{"@type":"BreadcrumbList","@id":"https:\/\/staging.mass-voll.ch\/fr\/donner\/#breadcrumb","itemListElement":[{"@type":"ListItem","position":1,"name":"Startseite","item":"https:\/\/staging.mass-voll.ch\/fr\/"},{"@type":"ListItem","position":2,"name":"Donner"}]},{"@type":"WebSite","@id":"https:\/\/staging.mass-voll.ch\/#website","url":"https:\/\/staging.mass-voll.ch\/","name":"MASS-VOLL!","description":"","publisher":{"@id":"https:\/\/staging.mass-voll.ch\/#organization"},"potentialAction":[{"@type":"SearchAction","target":{"@type":"EntryPoint","urlTemplate":"https:\/\/staging.mass-voll.ch\/?s={search_term_string}"},"query-input":{"@type":"PropertyValueSpecification","valueRequired":true,"valueName":"search_term_string"}}],"inLanguage":"fr-FR"},{"@type":"Organization","@id":"https:\/\/staging.mass-voll.ch\/#organization","name":"MASS-VOLL!","url":"https:\/\/staging.mass-voll.ch\/","logo":{"@type":"ImageObject","inLanguage":"fr-FR","@id":"https:\/\/staging.mass-voll.ch\/#\/schema\/logo\/image\/","url":"https:\/\/staging.mass-voll.ch\/wp-content\/uploads\/2023\/06\/LogoMV.svg","contentUrl":"https:\/\/staging.mass-voll.ch\/wp-content\/uploads\/2023\/06\/LogoMV.svg","width":14217,"height":2611,"caption":"MASS-VOLL!"},"image":{"@id":"https:\/\/staging.mass-voll.ch\/#\/schema\/logo\/image\/"}}]}},"_links":{"self":[{"href":"https:\/\/staging.mass-voll.ch\/fr\/wp-json\/wp\/v2\/pages\/3543","targetHints":{"allow":["GET"]}}],"collection":[{"href":"https:\/\/staging.mass-voll.ch\/fr\/wp-json\/wp\/v2\/pages"}],"about":[{"href":"https:\/\/staging.mass-voll.ch\/fr\/wp-json\/wp\/v2\/types\/page"}],"author":[{"embeddable":true,"href":"https:\/\/staging.mass-voll.ch\/fr\/wp-json\/wp\/v2\/users\/1"}],"replies":[{"embeddable":true,"href":"https:\/\/staging.mass-voll.ch\/fr\/wp-json\/wp\/v2\/comments?post=3543"}],"version-history":[{"count":0,"href":"https:\/\/staging.mass-voll.ch\/fr\/wp-json\/wp\/v2\/pages\/3543\/revisions"}],"wp:attachment":[{"href":"https:\/\/staging.mass-voll.ch\/fr\/wp-json\/wp\/v2\/media?parent=3543"}],"curies":[{"name":"wp","href":"https:\/\/api.w.org\/{rel}","templated":true}]}}