{"id":3473,"date":"2023-07-06T15:40:41","date_gmt":"2023-07-06T13:40:41","guid":{"rendered":"https:\/\/staging.mass-voll.ch\/?page_id=3473"},"modified":"2023-12-20T10:54:23","modified_gmt":"2023-12-20T09:54:23","slug":"devenir-membre","status":"publish","type":"page","link":"https:\/\/staging.mass-voll.ch\/fr\/devenir-membre\/","title":{"rendered":"Devenir Membre"},"content":{"rendered":"\t\t<div data-elementor-type=\"wp-page\" data-elementor-id=\"3473\" class=\"elementor elementor-3473 elementor-1102\" data-elementor-post-type=\"page\">\n\t\t\t\t<div class=\"elementor-element elementor-element-88cc840 e-flex e-con-boxed e-con e-parent\" data-id=\"88cc840\" data-element_type=\"container\">\n\t\t\t\t\t<div class=\"e-con-inner\">\n\t\t\t\t<div class=\"elementor-element elementor-element-bcf489c elementor-widget elementor-widget-spacer\" data-id=\"bcf489c\" data-element_type=\"widget\" data-widget_type=\"spacer.default\">\n\t\t\t\t<div class=\"elementor-widget-container\">\n\t\t\t\t\t\t\t<div class=\"elementor-spacer\">\n\t\t\t<div class=\"elementor-spacer-inner\"><\/div>\n\t\t<\/div>\n\t\t\t\t\t\t<\/div>\n\t\t\t\t<\/div>\n\t\t\t\t\t<\/div>\n\t\t\t\t<\/div>\n\t\t<div class=\"elementor-element elementor-element-c795849 e-con-full e-flex e-con e-parent\" data-id=\"c795849\" data-element_type=\"container\">\n\t\t<div class=\"elementor-element elementor-element-c74de54 e-con-full e-flex e-con e-parent\" data-id=\"c74de54\" data-element_type=\"container\" data-settings=\"{&quot;background_background&quot;:&quot;classic&quot;}\">\n\t\t<div class=\"elementor-element elementor-element-477de47 e-con-full e-flex e-con e-parent\" data-id=\"477de47\" data-element_type=\"container\">\n\t\t\t\t<div class=\"elementor-element elementor-element-d8731ab elementor-widget elementor-widget-heading\" data-id=\"d8731ab\" data-element_type=\"widget\" data-widget_type=\"heading.default\">\n\t\t\t\t<div class=\"elementor-widget-container\">\n\t\t\t\t\t<h1 class=\"elementor-heading-title elementor-size-default\">Devenir membre<\/h1>\t\t\t\t<\/div>\n\t\t\t\t<\/div>\n\t\t\t\t<div class=\"elementor-element elementor-element-630785f elementor-widget elementor-widget-text-editor\" data-id=\"630785f\" data-element_type=\"widget\" data-widget_type=\"text-editor.default\">\n\t\t\t\t<div class=\"elementor-widget-container\">\n\t\t\t\t\t\t\t\t\t<p>Je souhaite devenir membre!<\/p>\t\t\t\t\t\t\t\t<\/div>\n\t\t\t\t<\/div>\n\t\t\t\t<div class=\"elementor-element elementor-element-510967d elementor-widget elementor-widget-text-editor\" data-id=\"510967d\" data-element_type=\"widget\" data-widget_type=\"text-editor.default\">\n\t\t\t\t<div class=\"elementor-widget-container\">\n\t\t\t\t\t\t\t\t\t<p>Le mouvement pour les droits civiques MASS-VOLL ! est enti\u00e8rement soutenu par des personnes de toutes les religions, couleurs de peau, professions, sexes et \u00e2ges.<\/p><p>MASS-VOLL ! est ouvert \u00e0 toutes les personnes qui se reconnaissent dans les droits fondamentaux inali\u00e9nables inscrits dans la Constitution. Peuvent devenir membres les personnes physiques et morales qui soutiennent les objectifs de l&rsquo;association. Nous nous orientons sur les valeurs de notre charte.<\/p><p>Deviens toi aussi membre et lutte pour une soci\u00e9t\u00e9 libre dans laquelle personne n&rsquo;est discrimin\u00e9 ! <img decoding=\"async\" class=\"wp-image-6491 alignnone\" src=\"https:\/\/staging.mass-voll.ch\/wp-content\/uploads\/2023\/08\/270a-1f3fb.svg\" alt=\"\" width=\"24\" \/> <img decoding=\"async\" class=\"alignnone wp-image-6496\" src=\"https:\/\/staging.mass-voll.ch\/wp-content\/uploads\/2023\/08\/1f49c-1.svg\" alt=\"\" width=\"24\" \/><\/p>\t\t\t\t\t\t\t\t<\/div>\n\t\t\t\t<\/div>\n\t\t\t\t<\/div>\n\t\t\t\t<\/div>\n\t\t<div class=\"elementor-element elementor-element-06ea155 e-con-full e-flex e-con e-parent\" data-id=\"06ea155\" data-element_type=\"container\" data-settings=\"{&quot;background_background&quot;:&quot;classic&quot;}\">\n\t\t<div class=\"elementor-element elementor-element-964608a e-con-full e-flex e-con e-parent\" data-id=\"964608a\" data-element_type=\"container\">\n\t\t<div class=\"elementor-element elementor-element-9229e00 e-flex e-con-boxed e-con e-parent\" data-id=\"9229e00\" data-element_type=\"container\">\n\t\t\t\t\t<div class=\"e-con-inner\">\n\t\t\t\t<div class=\"elementor-element elementor-element-da17410 elementor-widget elementor-widget-heading\" data-id=\"da17410\" data-element_type=\"widget\" data-widget_type=\"heading.default\">\n\t\t\t\t<div class=\"elementor-widget-container\">\n\t\t\t\t\t<h3 class=\"elementor-heading-title elementor-size-default\">Demande d'adh\u00e9sion<\/h3>\t\t\t\t<\/div>\n\t\t\t\t<\/div>\n\t\t\t\t<div class=\"elementor-element elementor-element-bb61ae9 elementor-button-align-stretch elementor-widget elementor-widget-form\" data-id=\"bb61ae9\" data-element_type=\"widget\" data-settings=\"{&quot;step_next_label&quot;:&quot;Weiter&quot;,&quot;step_previous_label&quot;:&quot;Zur\\u00fcck&quot;,&quot;step_icon_shape&quot;:&quot;square&quot;,&quot;button_width&quot;:&quot;100&quot;,&quot;step_type&quot;:&quot;number_text&quot;}\" data-widget_type=\"form.default\">\n\t\t\t\t<div class=\"elementor-widget-container\">\n\t\t\t\t\t\t\t<form class=\"elementor-form\" method=\"post\" name=\"Mitgliedschaft\">\n\t\t\t<input type=\"hidden\" name=\"post_id\" value=\"3473\"\/>\n\t\t\t<input type=\"hidden\" name=\"form_id\" value=\"bb61ae9\"\/>\n\t\t\t<input type=\"hidden\" name=\"referer_title\" value=\"MASS-VOLL!\" \/>\n\n\t\t\t\n\t\t\t<div class=\"elementor-form-fields-wrapper elementor-labels-above\">\n\t\t\t\t\t\t\t\t<div class=\"elementor-field-type-text\">\n\t\t\t\t\t<input size=\"1\" type=\"text\" name=\"form_fields[field_52f5291]\" id=\"form-field-field_52f5291\" class=\"elementor-field elementor-size-sm \" style=\"display:none !important;\">\t\t\t\t<\/div>\n\t\t\t\t\t\t\t\t<div class=\"elementor-field-type-html elementor-field-group elementor-column elementor-field-group-field_8d432da elementor-col-100\">\n\t\t\t\t\tLes nouveaux membres re\u00e7oivent automatiquement la newsletter. Si vous ne le souhaitez pas, vous pouvez vous d\u00e9sabonner apr\u00e8s l'avoir re\u00e7u pour la premi\u00e8re fois.<br><br>\n\n<strong>Cotisation annuelle<\/strong><br>\n\nLa cotisation annuelle est de CHF 10 pour les moins de 18 ans, de CHF 20 pour les 18-35 ans, de CHF 50 pour les plus de 35 ans, de CHF 0 pour les rentiers IV et b\u00e9n\u00e9ficiaires AC\/AI et d'au moins CHF 500 pour les membres bienfaiteurs.\t\t\t\t<\/div>\n\t\t\t\t\t\t\t\t<div class=\"elementor-field-type-acceptance elementor-field-group elementor-column elementor-field-group-field_7df74e9 elementor-col-100 elementor-field-required elementor-mark-required\">\n\t\t\t\t\t\t\t<div class=\"elementor-field-subgroup\">\n\t\t\t<span class=\"elementor-field-option\">\n\t\t\t\t<input type=\"checkbox\" name=\"form_fields[field_7df74e9]\" id=\"form-field-field_7df74e9\" class=\"elementor-field elementor-size-sm  elementor-acceptance-field\" required=\"required\">\n\t\t\t\t<label for=\"form-field-field_7df74e9\">Je confirme avoir pris connaissance des statuts de l'association, les respecter et ne pas les violer. Je suis conscient que toute personne qui enfreint les r\u00e8gles du club sera punie par MASS-VOLL ! peuvent et seront exclus.<\/label>\t\t\t<\/span>\n\t\t<\/div>\n\t\t\t\t\t\t<\/div>\n\t\t\t\t\t\t\t\t<div class=\"elementor-field-type-radio elementor-field-group elementor-column elementor-field-group-field_e77aae2 elementor-col-100 elementor-field-required elementor-mark-required\">\n\t\t\t\t\t\t\t\t\t\t\t\t<label for=\"form-field-field_e77aae2\" class=\"elementor-field-label\">\n\t\t\t\t\t\t\t\tJe vais\t\t\t\t\t\t\t<\/label>\n\t\t\t\t\t\t<div class=\"elementor-field-subgroup  \"><span class=\"elementor-field-option\"><input type=\"radio\" value=\"Membre\" id=\"form-field-field_e77aae2-0\" name=\"form_fields[field_e77aae2]\" required=\"required\"> <label for=\"form-field-field_e77aae2-0\">Membre<\/label><\/span><span class=\"elementor-field-option\"><input type=\"radio\" value=\"M\u00e9c\u00e8ne\" id=\"form-field-field_e77aae2-1\" name=\"form_fields[field_e77aae2]\" required=\"required\"> <label for=\"form-field-field_e77aae2-1\">M\u00e9c\u00e8ne<\/label><\/span><span class=\"elementor-field-option\"><input type=\"radio\" value=\"Membre et m\u00e9c\u00e8ne\" id=\"form-field-field_e77aae2-2\" name=\"form_fields[field_e77aae2]\" required=\"required\"> <label for=\"form-field-field_e77aae2-2\">Membre et m\u00e9c\u00e8ne<\/label><\/span><\/div>\t\t\t\t<\/div>\n\t\t\t\t\t\t\t\t<div class=\"elementor-field-type-radio elementor-field-group elementor-column elementor-field-group-field_22d85a6 elementor-col-100 elementor-field-required elementor-mark-required\">\n\t\t\t\t\t\t\t\t\t\t\t\t<label for=\"form-field-field_22d85a6\" class=\"elementor-field-label\">\n\t\t\t\t\t\t\t\tSalutation\t\t\t\t\t\t\t<\/label>\n\t\t\t\t\t\t<div class=\"elementor-field-subgroup  \"><span class=\"elementor-field-option\"><input type=\"radio\" value=\"Mme\" id=\"form-field-field_22d85a6-0\" name=\"form_fields[field_22d85a6]\" required=\"required\"> <label for=\"form-field-field_22d85a6-0\">Mme<\/label><\/span><span class=\"elementor-field-option\"><input type=\"radio\" value=\"Monsieur\" id=\"form-field-field_22d85a6-1\" name=\"form_fields[field_22d85a6]\" required=\"required\"> <label for=\"form-field-field_22d85a6-1\">Monsieur<\/label><\/span><\/div>\t\t\t\t<\/div>\n\t\t\t\t\t\t\t\t<div class=\"elementor-field-type-text elementor-field-group elementor-column elementor-field-group-field_dfc2217 elementor-col-50 elementor-field-required elementor-mark-required\">\n\t\t\t\t\t\t\t\t\t\t\t\t<label for=\"form-field-field_dfc2217\" class=\"elementor-field-label\">\n\t\t\t\t\t\t\t\tPr\u00e9nom\t\t\t\t\t\t\t<\/label>\n\t\t\t\t\t\t\t\t\t\t\t\t\t\t<input size=\"1\" type=\"text\" name=\"form_fields[field_dfc2217]\" id=\"form-field-field_dfc2217\" class=\"elementor-field elementor-size-sm  elementor-field-textual\" required=\"required\">\n\t\t\t\t\t\t\t\t\t\t\t<\/div>\n\t\t\t\t\t\t\t\t<div class=\"elementor-field-type-text elementor-field-group elementor-column elementor-field-group-field_c20bf41 elementor-col-50 elementor-field-required elementor-mark-required\">\n\t\t\t\t\t\t\t\t\t\t\t\t<label for=\"form-field-field_c20bf41\" class=\"elementor-field-label\">\n\t\t\t\t\t\t\t\tNom de famille\t\t\t\t\t\t\t<\/label>\n\t\t\t\t\t\t\t\t\t\t\t\t\t\t<input size=\"1\" type=\"text\" name=\"form_fields[field_c20bf41]\" id=\"form-field-field_c20bf41\" class=\"elementor-field elementor-size-sm  elementor-field-textual\" required=\"required\">\n\t\t\t\t\t\t\t\t\t\t\t<\/div>\n\t\t\t\t\t\t\t\t<div class=\"elementor-field-type-text\">\n\t\t\t\t\t<input size=\"1\" type=\"text\" name=\"form_fields[field_de0621f]\" id=\"form-field-field_de0621f\" class=\"elementor-field elementor-size-sm \" style=\"display:none !important;\">\t\t\t\t<\/div>\n\t\t\t\t\t\t\t\t<div class=\"elementor-field-type-text elementor-field-group elementor-column elementor-field-group-field_9e99c81 elementor-col-100 elementor-field-required elementor-mark-required\">\n\t\t\t\t\t\t\t\t\t\t\t\t<label for=\"form-field-field_9e99c81\" class=\"elementor-field-label\">\n\t\t\t\t\t\t\t\tNum\u00e9ro de rue \/ maison\t\t\t\t\t\t\t<\/label>\n\t\t\t\t\t\t\t\t\t\t\t\t\t\t<input size=\"1\" type=\"text\" name=\"form_fields[field_9e99c81]\" id=\"form-field-field_9e99c81\" class=\"elementor-field elementor-size-sm  elementor-field-textual\" required=\"required\">\n\t\t\t\t\t\t\t\t\t\t\t<\/div>\n\t\t\t\t\t\t\t\t<div class=\"elementor-field-type-text elementor-field-group elementor-column elementor-field-group-field_d276159 elementor-col-33 elementor-field-required elementor-mark-required\">\n\t\t\t\t\t\t\t\t\t\t\t\t<label for=\"form-field-field_d276159\" class=\"elementor-field-label\">\n\t\t\t\t\t\t\t\tCode Postal\t\t\t\t\t\t\t<\/label>\n\t\t\t\t\t\t\t\t\t\t\t\t\t\t<input size=\"1\" type=\"text\" name=\"form_fields[field_d276159]\" id=\"form-field-field_d276159\" class=\"elementor-field elementor-size-sm  elementor-field-textual\" required=\"required\">\n\t\t\t\t\t\t\t\t\t\t\t<\/div>\n\t\t\t\t\t\t\t\t<div class=\"elementor-field-type-text elementor-field-group elementor-column elementor-field-group-field_4a11d28 elementor-col-66 elementor-field-required elementor-mark-required\">\n\t\t\t\t\t\t\t\t\t\t\t\t<label for=\"form-field-field_4a11d28\" class=\"elementor-field-label\">\n\t\t\t\t\t\t\t\tEmplacement\t\t\t\t\t\t\t<\/label>\n\t\t\t\t\t\t\t\t\t\t\t\t\t\t<input size=\"1\" type=\"text\" name=\"form_fields[field_4a11d28]\" id=\"form-field-field_4a11d28\" class=\"elementor-field elementor-size-sm  elementor-field-textual\" required=\"required\">\n\t\t\t\t\t\t\t\t\t\t\t<\/div>\n\t\t\t\t\t\t\t\t<div class=\"elementor-field-type-text elementor-field-group elementor-column elementor-field-group-field_2384879 elementor-col-100 elementor-field-required elementor-mark-required\">\n\t\t\t\t\t\t\t\t\t\t\t\t<label for=\"form-field-field_2384879\" class=\"elementor-field-label\">\n\t\t\t\t\t\t\t\tAtterrir\t\t\t\t\t\t\t<\/label>\n\t\t\t\t\t\t\t\t\t\t\t\t\t\t<input size=\"1\" type=\"text\" name=\"form_fields[field_2384879]\" id=\"form-field-field_2384879\" class=\"elementor-field elementor-size-sm  elementor-field-textual\" required=\"required\">\n\t\t\t\t\t\t\t\t\t\t\t<\/div>\n\t\t\t\t\t\t\t\t<div class=\"elementor-field-type-email elementor-field-group elementor-column elementor-field-group-field_9dc1b29 elementor-col-100 elementor-field-required elementor-mark-required\">\n\t\t\t\t\t\t\t\t\t\t\t\t<label for=\"form-field-field_9dc1b29\" class=\"elementor-field-label\">\n\t\t\t\t\t\t\t\tE-mail\t\t\t\t\t\t\t<\/label>\n\t\t\t\t\t\t\t\t\t\t\t\t\t\t<input size=\"1\" type=\"email\" name=\"form_fields[field_9dc1b29]\" id=\"form-field-field_9dc1b29\" class=\"elementor-field elementor-size-sm  elementor-field-textual\" required=\"required\">\n\t\t\t\t\t\t\t\t\t\t\t<\/div>\n\t\t\t\t\t\t\t\t<div class=\"elementor-field-type-text elementor-field-group elementor-column elementor-field-group-field_c072492 elementor-col-100 elementor-field-required elementor-mark-required\">\n\t\t\t\t\t\t\t\t\t\t\t\t<label for=\"form-field-field_c072492\" class=\"elementor-field-label\">\n\t\t\t\t\t\t\t\tNum\u00e9ro de t\u00e9l\u00e9phone\t\t\t\t\t\t\t<\/label>\n\t\t\t\t\t\t\t\t\t\t\t\t\t\t<input size=\"1\" type=\"text\" name=\"form_fields[field_c072492]\" id=\"form-field-field_c072492\" class=\"elementor-field elementor-size-sm  elementor-field-textual\" required=\"required\">\n\t\t\t\t\t\t\t\t\t\t\t<\/div>\n\t\t\t\t\t\t\t\t<div class=\"elementor-field-type-date elementor-field-group elementor-column elementor-field-group-field_54bb556 elementor-col-100 elementor-field-required elementor-mark-required\">\n\t\t\t\t\t\t\t\t\t\t\t\t<label for=\"form-field-field_54bb556\" class=\"elementor-field-label\">\n\t\t\t\t\t\t\t\tDate de naissance\t\t\t\t\t\t\t<\/label>\n\t\t\t\t\t\t\n\t\t<input type=\"date\" name=\"form_fields[field_54bb556]\" id=\"form-field-field_54bb556\" class=\"elementor-field elementor-size-sm  elementor-field-textual elementor-date-field\" required=\"required\" pattern=\"[0-9]{4}-[0-9]{2}-[0-9]{2}\">\n\t\t\t\t\t\t<\/div>\n\t\t\t\t\t\t\t\t<div class=\"elementor-field-type-text\">\n\t\t\t\t\t<input size=\"1\" type=\"text\" name=\"form_fields[field_1cd65ea]\" id=\"form-field-field_1cd65ea\" class=\"elementor-field elementor-size-sm \" style=\"display:none !important;\">\t\t\t\t<\/div>\n\t\t\t\t\t\t\t\t<div class=\"elementor-field-type-html elementor-field-group elementor-column elementor-field-group-field_dbfed4f elementor-col-50\">\n\t\t\t\t\tJe veux \u00eatre inform\u00e9 de tout. Veuillez m'ajouter au canal d'information interne de Telegram. \t\t\t\t<\/div>\n\t\t\t\t\t\t\t\t<div class=\"elementor-field-type-text elementor-field-group elementor-column elementor-field-group-field_6bd53a2 elementor-col-50\">\n\t\t\t\t\t\t\t\t\t\t\t\t<label for=\"form-field-field_6bd53a2\" class=\"elementor-field-label\">\n\t\t\t\t\t\t\t\tNom d'utilisateur de mon t\u00e9l\u00e9gramme\t\t\t\t\t\t\t<\/label>\n\t\t\t\t\t\t\t\t\t\t\t\t\t\t<input size=\"1\" type=\"text\" name=\"form_fields[field_6bd53a2]\" id=\"form-field-field_6bd53a2\" class=\"elementor-field elementor-size-sm  elementor-field-textual\">\n\t\t\t\t\t\t\t\t\t\t\t<\/div>\n\t\t\t\t\t\t\t\t<div class=\"elementor-field-type-html elementor-field-group elementor-column elementor-field-group-field_2906c93 elementor-col-50\">\n\t\t\t\t\tJ'aimerais \u00eatre ajout\u00e9 aux chats Threema et avoir le temps et l'envie d'assister \u00e0 des \u00e9v\u00e9nements plusieurs fois par mois.\t\t\t\t<\/div>\n\t\t\t\t\t\t\t\t<div class=\"elementor-field-type-text elementor-field-group elementor-column elementor-field-group-field_d2b3edf elementor-col-50\">\n\t\t\t\t\t\t\t\t\t\t\t\t<label for=\"form-field-field_d2b3edf\" class=\"elementor-field-label\">\n\t\t\t\t\t\t\t\tMon identifiant Threema\t\t\t\t\t\t\t<\/label>\n\t\t\t\t\t\t\t\t\t\t\t\t\t\t<input size=\"1\" type=\"text\" name=\"form_fields[field_d2b3edf]\" id=\"form-field-field_d2b3edf\" class=\"elementor-field elementor-size-sm  elementor-field-textual\">\n\t\t\t\t\t\t\t\t\t\t\t<\/div>\n\t\t\t\t\t\t\t\t<div class=\"elementor-field-group elementor-column elementor-field-type-submit elementor-col-100 e-form__buttons\">\n\t\t\t\t\t<button class=\"elementor-button elementor-size-sm\" type=\"submit\">\n\t\t\t\t\t\t<span class=\"elementor-button-content-wrapper\">\n\t\t\t\t\t\t\t\t\t\t\t\t\t\t\t\t\t\t\t\t\t\t<span class=\"elementor-button-text\">Envoyer<\/span>\n\t\t\t\t\t\t\t\t\t\t\t\t\t<\/span>\n\t\t\t\t\t<\/button>\n\t\t\t\t<\/div>\n\t\t\t<\/div>\n\t\t<\/form>\n\t\t\t\t\t\t<\/div>\n\t\t\t\t<\/div>\n\t\t\t\t\t<\/div>\n\t\t\t\t<\/div>\n\t\t\t\t<\/div>\n\t\t\t\t<\/div>\n\t\t\t\t<\/div>\n\t\t\t\t<\/div>\n\t\t","protected":false},"excerpt":{"rendered":"<p>Devenir membre Je souhaite devenir membre! Le mouvement pour les droits civiques MASS-VOLL ! est enti\u00e8rement soutenu par des personnes de toutes les religions, couleurs de peau, professions, sexes et \u00e2ges. MASS-VOLL ! est ouvert \u00e0 toutes les personnes qui se reconnaissent dans les droits fondamentaux inali\u00e9nables inscrits dans la Constitution. Peuvent devenir membres les [&hellip;]<\/p>\n","protected":false},"author":1,"featured_media":0,"parent":0,"menu_order":0,"comment_status":"closed","ping_status":"closed","template":"","meta":{"_acf_changed":false,"footnotes":""},"class_list":["post-3473","page","type-page","status-publish","hentry"],"acf":[],"yoast_head":"<!-- This site is optimized with the Yoast SEO plugin v25.3.1 - https:\/\/yoast.com\/wordpress\/plugins\/seo\/ -->\n<title>Devenir Membre - MASS-VOLL!<\/title>\n<meta name=\"robots\" content=\"noindex, follow, max-snippet:-1, max-image-preview:large, max-video-preview:-1\" \/>\n<meta property=\"og:locale\" content=\"fr_FR\" \/>\n<meta property=\"og:type\" content=\"article\" \/>\n<meta property=\"og:title\" content=\"Devenir Membre - MASS-VOLL!\" \/>\n<meta property=\"og:description\" content=\"Devenir membre Je souhaite devenir membre! Le mouvement pour les droits civiques MASS-VOLL ! est enti\u00e8rement soutenu par des personnes de toutes les religions, couleurs de peau, professions, sexes et \u00e2ges. MASS-VOLL ! est ouvert \u00e0 toutes les personnes qui se reconnaissent dans les droits fondamentaux inali\u00e9nables inscrits dans la Constitution. Peuvent devenir membres les [&hellip;]\" \/>\n<meta property=\"og:url\" content=\"https:\/\/staging.mass-voll.ch\/mitglied-werden\/\" \/>\n<meta property=\"og:site_name\" content=\"MASS-VOLL!\" \/>\n<meta property=\"article:modified_time\" content=\"2023-12-20T09:54:23+00:00\" \/>\n<meta property=\"og:image\" content=\"https:\/\/staging.mass-voll.ch\/wp-content\/uploads\/2023\/08\/270a-1f3fb.svg\" \/>\n<meta name=\"twitter:card\" content=\"summary_large_image\" \/>\n<meta name=\"twitter:label1\" content=\"Dur\u00e9e de lecture estim\u00e9e\" \/>\n\t<meta name=\"twitter:data1\" content=\"2 minutes\" \/>\n<script type=\"application\/ld+json\" class=\"yoast-schema-graph\">{\"@context\":\"https:\/\/schema.org\",\"@graph\":[{\"@type\":\"WebPage\",\"@id\":\"https:\/\/staging.mass-voll.ch\/mitglied-werden\/\",\"url\":\"https:\/\/staging.mass-voll.ch\/mitglied-werden\/\",\"name\":\"Devenir Membre - MASS-VOLL!\",\"isPartOf\":{\"@id\":\"https:\/\/staging.mass-voll.ch\/#website\"},\"primaryImageOfPage\":{\"@id\":\"https:\/\/staging.mass-voll.ch\/mitglied-werden\/#primaryimage\"},\"image\":{\"@id\":\"https:\/\/staging.mass-voll.ch\/mitglied-werden\/#primaryimage\"},\"thumbnailUrl\":\"https:\/\/staging.mass-voll.ch\/wp-content\/uploads\/2023\/08\/270a-1f3fb.svg\",\"datePublished\":\"2023-07-06T13:40:41+00:00\",\"dateModified\":\"2023-12-20T09:54:23+00:00\",\"breadcrumb\":{\"@id\":\"https:\/\/staging.mass-voll.ch\/mitglied-werden\/#breadcrumb\"},\"inLanguage\":\"fr-FR\",\"potentialAction\":[{\"@type\":\"ReadAction\",\"target\":[\"https:\/\/staging.mass-voll.ch\/mitglied-werden\/\"]}]},{\"@type\":\"ImageObject\",\"inLanguage\":\"fr-FR\",\"@id\":\"https:\/\/staging.mass-voll.ch\/mitglied-werden\/#primaryimage\",\"url\":\"https:\/\/staging.mass-voll.ch\/wp-content\/uploads\/2023\/08\/270a-1f3fb.svg\",\"contentUrl\":\"https:\/\/staging.mass-voll.ch\/wp-content\/uploads\/2023\/08\/270a-1f3fb.svg\"},{\"@type\":\"BreadcrumbList\",\"@id\":\"https:\/\/staging.mass-voll.ch\/mitglied-werden\/#breadcrumb\",\"itemListElement\":[{\"@type\":\"ListItem\",\"position\":1,\"name\":\"Startseite\",\"item\":\"https:\/\/staging.mass-voll.ch\/fr\/\"},{\"@type\":\"ListItem\",\"position\":2,\"name\":\"Devenir Membre\"}]},{\"@type\":\"WebSite\",\"@id\":\"https:\/\/staging.mass-voll.ch\/#website\",\"url\":\"https:\/\/staging.mass-voll.ch\/\",\"name\":\"MASS-VOLL!\",\"description\":\"\",\"publisher\":{\"@id\":\"https:\/\/staging.mass-voll.ch\/#organization\"},\"potentialAction\":[{\"@type\":\"SearchAction\",\"target\":{\"@type\":\"EntryPoint\",\"urlTemplate\":\"https:\/\/staging.mass-voll.ch\/?s={search_term_string}\"},\"query-input\":{\"@type\":\"PropertyValueSpecification\",\"valueRequired\":true,\"valueName\":\"search_term_string\"}}],\"inLanguage\":\"fr-FR\"},{\"@type\":\"Organization\",\"@id\":\"https:\/\/staging.mass-voll.ch\/#organization\",\"name\":\"MASS-VOLL!\",\"url\":\"https:\/\/staging.mass-voll.ch\/\",\"logo\":{\"@type\":\"ImageObject\",\"inLanguage\":\"fr-FR\",\"@id\":\"https:\/\/staging.mass-voll.ch\/#\/schema\/logo\/image\/\",\"url\":\"https:\/\/staging.mass-voll.ch\/wp-content\/uploads\/2023\/06\/LogoMV.svg\",\"contentUrl\":\"https:\/\/staging.mass-voll.ch\/wp-content\/uploads\/2023\/06\/LogoMV.svg\",\"width\":14217,\"height\":2611,\"caption\":\"MASS-VOLL!\"},\"image\":{\"@id\":\"https:\/\/staging.mass-voll.ch\/#\/schema\/logo\/image\/\"}}]}<\/script>\n<!-- \/ Yoast SEO plugin. -->","yoast_head_json":{"title":"Devenir Membre - MASS-VOLL!","robots":{"index":"noindex","follow":"follow","max-snippet":"max-snippet:-1","max-image-preview":"max-image-preview:large","max-video-preview":"max-video-preview:-1"},"og_locale":"fr_FR","og_type":"article","og_title":"Devenir Membre - MASS-VOLL!","og_description":"Devenir membre Je souhaite devenir membre! Le mouvement pour les droits civiques MASS-VOLL ! est enti\u00e8rement soutenu par des personnes de toutes les religions, couleurs de peau, professions, sexes et \u00e2ges. MASS-VOLL ! est ouvert \u00e0 toutes les personnes qui se reconnaissent dans les droits fondamentaux inali\u00e9nables inscrits dans la Constitution. Peuvent devenir membres les [&hellip;]","og_url":"https:\/\/staging.mass-voll.ch\/mitglied-werden\/","og_site_name":"MASS-VOLL!","article_modified_time":"2023-12-20T09:54:23+00:00","og_image":[{"url":"https:\/\/staging.mass-voll.ch\/wp-content\/uploads\/2023\/08\/270a-1f3fb.svg","type":"","width":"","height":""}],"twitter_card":"summary_large_image","twitter_misc":{"Dur\u00e9e de lecture estim\u00e9e":"2 minutes"},"schema":{"@context":"https:\/\/schema.org","@graph":[{"@type":"WebPage","@id":"https:\/\/staging.mass-voll.ch\/mitglied-werden\/","url":"https:\/\/staging.mass-voll.ch\/mitglied-werden\/","name":"Devenir Membre - MASS-VOLL!","isPartOf":{"@id":"https:\/\/staging.mass-voll.ch\/#website"},"primaryImageOfPage":{"@id":"https:\/\/staging.mass-voll.ch\/mitglied-werden\/#primaryimage"},"image":{"@id":"https:\/\/staging.mass-voll.ch\/mitglied-werden\/#primaryimage"},"thumbnailUrl":"https:\/\/staging.mass-voll.ch\/wp-content\/uploads\/2023\/08\/270a-1f3fb.svg","datePublished":"2023-07-06T13:40:41+00:00","dateModified":"2023-12-20T09:54:23+00:00","breadcrumb":{"@id":"https:\/\/staging.mass-voll.ch\/mitglied-werden\/#breadcrumb"},"inLanguage":"fr-FR","potentialAction":[{"@type":"ReadAction","target":["https:\/\/staging.mass-voll.ch\/mitglied-werden\/"]}]},{"@type":"ImageObject","inLanguage":"fr-FR","@id":"https:\/\/staging.mass-voll.ch\/mitglied-werden\/#primaryimage","url":"https:\/\/staging.mass-voll.ch\/wp-content\/uploads\/2023\/08\/270a-1f3fb.svg","contentUrl":"https:\/\/staging.mass-voll.ch\/wp-content\/uploads\/2023\/08\/270a-1f3fb.svg"},{"@type":"BreadcrumbList","@id":"https:\/\/staging.mass-voll.ch\/mitglied-werden\/#breadcrumb","itemListElement":[{"@type":"ListItem","position":1,"name":"Startseite","item":"https:\/\/staging.mass-voll.ch\/fr\/"},{"@type":"ListItem","position":2,"name":"Devenir Membre"}]},{"@type":"WebSite","@id":"https:\/\/staging.mass-voll.ch\/#website","url":"https:\/\/staging.mass-voll.ch\/","name":"MASS-VOLL!","description":"","publisher":{"@id":"https:\/\/staging.mass-voll.ch\/#organization"},"potentialAction":[{"@type":"SearchAction","target":{"@type":"EntryPoint","urlTemplate":"https:\/\/staging.mass-voll.ch\/?s={search_term_string}"},"query-input":{"@type":"PropertyValueSpecification","valueRequired":true,"valueName":"search_term_string"}}],"inLanguage":"fr-FR"},{"@type":"Organization","@id":"https:\/\/staging.mass-voll.ch\/#organization","name":"MASS-VOLL!","url":"https:\/\/staging.mass-voll.ch\/","logo":{"@type":"ImageObject","inLanguage":"fr-FR","@id":"https:\/\/staging.mass-voll.ch\/#\/schema\/logo\/image\/","url":"https:\/\/staging.mass-voll.ch\/wp-content\/uploads\/2023\/06\/LogoMV.svg","contentUrl":"https:\/\/staging.mass-voll.ch\/wp-content\/uploads\/2023\/06\/LogoMV.svg","width":14217,"height":2611,"caption":"MASS-VOLL!"},"image":{"@id":"https:\/\/staging.mass-voll.ch\/#\/schema\/logo\/image\/"}}]}},"_links":{"self":[{"href":"https:\/\/staging.mass-voll.ch\/fr\/wp-json\/wp\/v2\/pages\/3473","targetHints":{"allow":["GET"]}}],"collection":[{"href":"https:\/\/staging.mass-voll.ch\/fr\/wp-json\/wp\/v2\/pages"}],"about":[{"href":"https:\/\/staging.mass-voll.ch\/fr\/wp-json\/wp\/v2\/types\/page"}],"author":[{"embeddable":true,"href":"https:\/\/staging.mass-voll.ch\/fr\/wp-json\/wp\/v2\/users\/1"}],"replies":[{"embeddable":true,"href":"https:\/\/staging.mass-voll.ch\/fr\/wp-json\/wp\/v2\/comments?post=3473"}],"version-history":[{"count":0,"href":"https:\/\/staging.mass-voll.ch\/fr\/wp-json\/wp\/v2\/pages\/3473\/revisions"}],"wp:attachment":[{"href":"https:\/\/staging.mass-voll.ch\/fr\/wp-json\/wp\/v2\/media?parent=3473"}],"curies":[{"name":"wp","href":"https:\/\/api.w.org\/{rel}","templated":true}]}}