{"id":11628,"date":"2023-09-29T12:19:52","date_gmt":"2023-09-29T10:19:52","guid":{"rendered":"https:\/\/staging.mass-voll.ch\/?page_id=11628"},"modified":"2023-10-15T13:10:54","modified_gmt":"2023-10-15T11:10:54","slug":"wahlanleitung","status":"publish","type":"page","link":"https:\/\/staging.mass-voll.ch\/fr\/wahlanleitung\/","title":{"rendered":"Wahlanleitung"},"content":{"rendered":"\t\t<div data-elementor-type=\"wp-page\" data-elementor-id=\"11628\" class=\"elementor elementor-11628 elementor-11626\" data-elementor-post-type=\"page\">\n\t\t\t\t<div class=\"elementor-element elementor-element-11ad85b e-flex e-con-boxed e-con e-parent\" data-id=\"11ad85b\" data-element_type=\"container\">\n\t\t\t\t\t<div class=\"e-con-inner\">\n\t\t\t\t<div class=\"elementor-element elementor-element-010721b elementor-widget elementor-widget-spacer\" data-id=\"010721b\" data-element_type=\"widget\" data-widget_type=\"spacer.default\">\n\t\t\t\t<div class=\"elementor-widget-container\">\n\t\t\t\t\t\t\t<div class=\"elementor-spacer\">\n\t\t\t<div class=\"elementor-spacer-inner\"><\/div>\n\t\t<\/div>\n\t\t\t\t\t\t<\/div>\n\t\t\t\t<\/div>\n\t\t\t\t\t<\/div>\n\t\t\t\t<\/div>\n\t\t<div class=\"elementor-element elementor-element-47ec9ae e-con-full e-flex e-con e-parent\" data-id=\"47ec9ae\" data-element_type=\"container\">\n\t\t<div class=\"elementor-element elementor-element-aaf94c5 e-con-full e-flex e-con e-parent\" data-id=\"aaf94c5\" data-element_type=\"container\">\n\t\t<div class=\"elementor-element elementor-element-5d9d216 e-con-full e-flex e-con e-parent\" data-id=\"5d9d216\" data-element_type=\"container\">\n\t\t\t\t<div class=\"elementor-element elementor-element-b335f08 elementor-widget elementor-widget-heading\" data-id=\"b335f08\" data-element_type=\"widget\" data-widget_type=\"heading.default\">\n\t\t\t\t<div class=\"elementor-widget-container\">\n\t\t\t\t\t<h2 class=\"elementor-heading-title elementor-size-default\">so w\u00e4hlen Sie richtig:<\/h2>\t\t\t\t<\/div>\n\t\t\t\t<\/div>\n\t\t\t\t<div class=\"elementor-element elementor-element-3a52dba elementor-widget elementor-widget-text-editor\" data-id=\"3a52dba\" data-element_type=\"widget\" data-widget_type=\"text-editor.default\">\n\t\t\t\t<div class=\"elementor-widget-container\">\n\t\t\t\t\t\t\t\t\t<ol><li><strong>Nationalratswahlen<\/strong>:<br \/><b data-stringify-type=\"bold\">Couvert \u00f6ffnen:\u00a0<\/b>Die\u00a0<b data-stringify-type=\"bold\">Liste \u00abMASS-VOLL! Bewegung f\u00fcr Freiheit, Souver\u00e4nit\u00e4t und Grundrechte\u00bb\u00a0<\/b>Ihres Kantons*<b data-stringify-type=\"bold\">\u00a0<\/b>ausw\u00e4hlen und abtrennen.<br \/>\u00dcbrige Listen ins Altpapier werfen.<br \/><b data-stringify-type=\"bold\">Achtung: Nur die MASS-VOLL!-Liste\u00a0<\/b>verwenden.<br \/>Nur eine Liste nutzen, sonst ist Ihre Stimme ungu\u0308ltig!<\/li><li><strong>Wichtig: <\/strong>Stimmrechtsausweis unterschreiben.<br \/>Sonst ist Ihre Stimme ungu\u0308ltig!<strong><br \/><\/strong><\/li><li>Die <strong>unver\u00e4nderte MASS-VOLL!-Liste Ihres Kantons<\/strong> fu\u0308r den Nationalrat in das <strong>kleine Couvert<\/strong> legen, dieses verschliessen.<\/li><li>Das kleine Couvert <strong>ins Wahlcouvert<\/strong> legen.<\/li><li>Den <strong>unterschriebenen<\/strong> Stimmrechtsausweis <strong>ins Wahlcouvert<\/strong> legen.<br \/><strong>Achtung<\/strong>: Darauf achten, dass die Adresse der Gemeinde im Sichtfenster des Wahlcouverts ersichtlich ist!<\/li><li>Das Wahlcouvert:<br \/>bis 16. Oktober per A-Post aufgeben oder<br \/>bis 18. Oktober auf die Gemeinde bringen oder<br \/>am 22. Oktober in die Urne werfen!<\/li><\/ol><p><strong>Fragen zu den Wahlen?<\/strong><br \/><strong>Fragen zu den Wahlzetteln?<\/strong><\/p>\t\t\t\t\t\t\t\t<\/div>\n\t\t\t\t<\/div>\n\t\t\t\t<div class=\"elementor-element elementor-element-e0bf48d elementor-widget elementor-widget-button\" data-id=\"e0bf48d\" data-element_type=\"widget\" data-widget_type=\"button.default\">\n\t\t\t\t<div class=\"elementor-widget-container\">\n\t\t\t\t\t\t\t\t\t<div class=\"elementor-button-wrapper\">\n\t\t\t\t\t<a class=\"elementor-button elementor-button-link elementor-size-sm\" href=\"mailto:wahlen@mass-voll.ch\" target=\"_blank\">\n\t\t\t\t\t\t<span class=\"elementor-button-content-wrapper\">\n\t\t\t\t\t\t\t\t\t<span class=\"elementor-button-text\">wahlen@mass-voll.ch<\/span>\n\t\t\t\t\t<\/span>\n\t\t\t\t\t<\/a>\n\t\t\t\t<\/div>\n\t\t\t\t\t\t\t\t<\/div>\n\t\t\t\t<\/div>\n\t\t\t\t<div class=\"elementor-element elementor-element-e49d407 elementor-widget elementor-widget-text-editor\" data-id=\"e49d407\" data-element_type=\"widget\" data-widget_type=\"text-editor.default\">\n\t\t\t\t<div class=\"elementor-widget-container\">\n\t\t\t\t\t\t\t\t\t<p><strong><br \/>** Ausnahme f\u00fcr Kanton Solothurn, Liste 29<\/strong><\/p><ol><li><strong>Nationalratswahlen<\/strong>:<br \/><b data-stringify-type=\"bold\">Couvert \u00f6ffnen:\u00a0<\/b>Die\u00a0<b data-stringify-type=\"bold\">Liste \u00abMASS-VOLL! Bewegung f\u00fcr Freiheit, Souver\u00e4nit\u00e4t und Grundrechte\u00bb<\/b><b data-stringify-type=\"bold\"> <\/b>ausw\u00e4hlen und abtrennen. \u00dcbrige Listen ins Altpapier werfen.<br \/><b data-stringify-type=\"bold\">Achtung: Nur die MASS-VOLL!-Liste\u00a0<\/b>verwenden. Nur eine Liste nutzen, sonst ist Ihre Stimme ungu\u0308ltig!<\/li><li><strong>Wichtig: <\/strong>Stimmrechtsausweis unterschreiben. Sonst ist Ihre Stimme ungu\u0308ltig!<strong><br \/><\/strong><\/li><li>Die <strong>unver\u00e4nderte MASS-VOLL!-Liste<\/strong> fu\u0308r den Nationalrat in das\u00a0<strong> Couvert<\/strong> legen &#8211; in das <strong>Fach ohne Sichtfenster<\/strong>.<\/li><li>Den <strong>unterschriebenen<\/strong> Stimmrechtsausweis ins Wahlcouvert legen &#8211; in das <strong>Fach mit dem <\/strong><strong>Sichtfenster<\/strong>.<br \/><strong>Achtung<\/strong>: Darauf achten, dass die Adresse der Gemeinde im Sichtfenster des Wahlcouverts ersichtlich ist!<\/li><li>Das Wahlcouvert:<br \/>bis 16. Oktober per A-Post aufgeben oder<br \/>bis 18. Oktober auf die Gemeinde bringen oder<br \/>am 22. Oktober in die Urne werfen!<\/li><\/ol><p><strong>Fragen zu den Wahlen?<\/strong><br \/><strong>Fragen zu den Wahlzetteln?<\/strong><\/p>\t\t\t\t\t\t\t\t<\/div>\n\t\t\t\t<\/div>\n\t\t\t\t<div class=\"elementor-element elementor-element-2de91a5 elementor-widget elementor-widget-button\" data-id=\"2de91a5\" data-element_type=\"widget\" data-widget_type=\"button.default\">\n\t\t\t\t<div class=\"elementor-widget-container\">\n\t\t\t\t\t\t\t\t\t<div class=\"elementor-button-wrapper\">\n\t\t\t\t\t<a class=\"elementor-button elementor-button-link elementor-size-sm\" href=\"mailto:wahlen@mass-voll.ch\" target=\"_blank\">\n\t\t\t\t\t\t<span class=\"elementor-button-content-wrapper\">\n\t\t\t\t\t\t\t\t\t<span class=\"elementor-button-text\">wahlen@mass-voll.ch<\/span>\n\t\t\t\t\t<\/span>\n\t\t\t\t\t<\/a>\n\t\t\t\t<\/div>\n\t\t\t\t\t\t\t\t<\/div>\n\t\t\t\t<\/div>\n\t\t\t\t<\/div>\n\t\t\t\t<\/div>\n\t\t<div class=\"elementor-element elementor-element-af46d4c e-con-full e-flex e-con e-parent\" data-id=\"af46d4c\" data-element_type=\"container\" data-settings=\"{&quot;background_background&quot;:&quot;classic&quot;}\">\n\t\t<div class=\"elementor-element elementor-element-0064570 e-con-full e-flex e-con e-parent\" data-id=\"0064570\" data-element_type=\"container\">\n\t\t<div class=\"elementor-element elementor-element-b9127a2 e-flex e-con-boxed e-con e-parent\" data-id=\"b9127a2\" data-element_type=\"container\">\n\t\t\t\t\t<div class=\"e-con-inner\">\n\t\t\t\t<div class=\"elementor-element elementor-element-1de9a74 elementor-widget elementor-widget-text-editor\" data-id=\"1de9a74\" data-element_type=\"widget\" data-widget_type=\"text-editor.default\">\n\t\t\t\t<div class=\"elementor-widget-container\">\n\t\t\t\t\t\t\t\t\t<p><strong>* Wahllisten Ihres Kantons:<\/strong><\/p>\t\t\t\t\t\t\t\t<\/div>\n\t\t\t\t<\/div>\n\t\t\t\t\t<\/div>\n\t\t\t\t<\/div>\n\t\t<div class=\"elementor-element elementor-element-e351848 e-flex e-con-boxed e-con e-parent\" data-id=\"e351848\" data-element_type=\"container\">\n\t\t\t\t\t<div class=\"e-con-inner\">\n\t\t<div class=\"elementor-element elementor-element-44fbfb6 e-flex e-con-boxed e-con e-parent\" data-id=\"44fbfb6\" data-element_type=\"container\" data-settings=\"{&quot;background_background&quot;:&quot;classic&quot;}\">\n\t\t\t\t\t<div class=\"e-con-inner\">\n\t\t\t\t<div class=\"elementor-element elementor-element-6f3b1c4 elementor-widget elementor-widget-text-editor\" data-id=\"6f3b1c4\" data-element_type=\"widget\" data-widget_type=\"text-editor.default\">\n\t\t\t\t<div class=\"elementor-widget-container\">\n\t\t\t\t\t\t\t\t\t<ul><li>Kanton Z\u00fcrich: Liste 33<\/li><li>Kanton Aargau: Liste 11<\/li><li>Kanton Basel-Stadt: Liste 28<\/li><li>Kanton Bern: Liste 36<\/li><li>Kanton Luzern: Liste 42<\/li><li>Kanton Schaffhausen: Liste 17<\/li><li>Kanton Schwyz: Liste 27<\/li><li>Kanton Solothurn: Liste 29**<\/li><li>Kanton St. Gallen: Liste 11<\/li><li>Kanton Thurgau: Liste 33<\/li><\/ul>\t\t\t\t\t\t\t\t<\/div>\n\t\t\t\t<\/div>\n\t\t\t\t<div class=\"elementor-element elementor-element-35ffda3 elementor-widget elementor-widget-image\" data-id=\"35ffda3\" data-element_type=\"widget\" data-widget_type=\"image.default\">\n\t\t\t\t<div class=\"elementor-widget-container\">\n\t\t\t\t\t\t\t\t\t\t\t\t\t\t\t<img fetchpriority=\"high\" decoding=\"async\" width=\"800\" height=\"637\" src=\"https:\/\/staging.mass-voll.ch\/wp-content\/uploads\/2023\/10\/Wahzettel_ZH-1024x815.png\" class=\"attachment-large size-large wp-image-11829\" alt=\"\" srcset=\"https:\/\/staging.mass-voll.ch\/wp-content\/uploads\/2023\/10\/Wahzettel_ZH-1024x815.png 1024w, https:\/\/staging.mass-voll.ch\/wp-content\/uploads\/2023\/10\/Wahzettel_ZH-300x239.png 300w, https:\/\/staging.mass-voll.ch\/wp-content\/uploads\/2023\/10\/Wahzettel_ZH-768x611.png 768w, https:\/\/staging.mass-voll.ch\/wp-content\/uploads\/2023\/10\/Wahzettel_ZH.png 1282w\" sizes=\"(max-width: 800px) 100vw, 800px\" \/>\t\t\t\t\t\t\t\t\t\t\t\t\t\t\t<\/div>\n\t\t\t\t<\/div>\n\t\t\t\t<div class=\"elementor-element elementor-element-843a75b elementor-widget elementor-widget-text-editor\" data-id=\"843a75b\" data-element_type=\"widget\" data-widget_type=\"text-editor.default\">\n\t\t\t\t<div class=\"elementor-widget-container\">\n\t\t\t\t\t\t\t\t\t<p><em>Beispiel Liste 33, Kanton Z\u00fcrich<\/em><\/p>\t\t\t\t\t\t\t\t<\/div>\n\t\t\t\t<\/div>\n\t\t\t\t\t<\/div>\n\t\t\t\t<\/div>\n\t\t\t\t\t<\/div>\n\t\t\t\t<\/div>\n\t\t\t\t<\/div>\n\t\t\t\t<\/div>\n\t\t\t\t<\/div>\n\t\t<div class=\"elementor-element elementor-element-5c330e6 e-con-full e-flex e-con e-parent\" data-id=\"5c330e6\" data-element_type=\"container\">\n\t\t\t\t<div class=\"elementor-element elementor-element-ff59ad3 elementor-widget elementor-widget-template\" data-id=\"ff59ad3\" data-element_type=\"widget\" data-widget_type=\"template.default\">\n\t\t\t\t<div class=\"elementor-widget-container\">\n\t\t\t\t\t\t\t<div class=\"elementor-template\">\n\t\t\t\t\t<div data-elementor-type=\"section\" data-elementor-id=\"5443\" class=\"elementor elementor-5443 elementor-5434\" data-elementor-post-type=\"elementor_library\">\n\t\t\t<div class=\"elementor-element elementor-element-3bb4ecb e-flex e-con-boxed e-con e-parent\" data-id=\"3bb4ecb\" data-element_type=\"container\" data-settings=\"{&quot;background_background&quot;:&quot;classic&quot;}\">\n\t\t\t\t\t<div class=\"e-con-inner\">\n\t\t<div class=\"elementor-element elementor-element-b27a55d e-con-full e-flex e-con e-parent\" data-id=\"b27a55d\" data-element_type=\"container\">\n\t\t<div class=\"elementor-element elementor-element-14e92b3 e-con-full e-flex e-con e-parent\" data-id=\"14e92b3\" data-element_type=\"container\">\n\t\t<div class=\"elementor-element elementor-element-fd2d8eb e-flex e-con-boxed e-con e-parent\" data-id=\"fd2d8eb\" data-element_type=\"container\" data-settings=\"{&quot;sticky&quot;:&quot;top&quot;,&quot;sticky_on&quot;:[&quot;desktop&quot;,&quot;tablet&quot;],&quot;sticky_offset&quot;:110,&quot;sticky_parent&quot;:&quot;yes&quot;,&quot;sticky_effects_offset&quot;:0,&quot;sticky_anchor_link_offset&quot;:0}\">\n\t\t\t\t\t<div class=\"e-con-inner\">\n\t\t<div class=\"elementor-element elementor-element-6c49410 e-flex e-con-boxed e-con e-parent\" data-id=\"6c49410\" data-element_type=\"container\">\n\t\t\t\t\t<div class=\"e-con-inner\">\n\t\t\t\t<div class=\"elementor-element elementor-element-0ed2d93 standout bg-violette elementor-widget elementor-widget-heading\" data-id=\"0ed2d93\" data-element_type=\"widget\" data-widget_type=\"heading.default\">\n\t\t\t\t<div class=\"elementor-widget-container\">\n\t\t\t\t\t<h1 class=\"elementor-heading-title elementor-size-default\">Soutenir<\/h1>\t\t\t\t<\/div>\n\t\t\t\t<\/div>\n\t\t\t\t\t<\/div>\n\t\t\t\t<\/div>\n\t\t\t\t\t<\/div>\n\t\t\t\t<\/div>\n\t\t\t\t<\/div>\n\t\t\t\t<\/div>\n\t\t<div class=\"elementor-element elementor-element-363ce2a e-con-full e-flex e-con e-parent\" data-id=\"363ce2a\" data-element_type=\"container\" data-settings=\"{&quot;background_background&quot;:&quot;classic&quot;}\">\n\t\t<div class=\"elementor-element elementor-element-8f78156 e-con-full e-flex e-con e-parent\" data-id=\"8f78156\" data-element_type=\"container\">\n\t\t<div class=\"elementor-element elementor-element-190d814 e-flex e-con-boxed e-con e-parent\" data-id=\"190d814\" data-element_type=\"container\">\n\t\t\t\t\t<div class=\"e-con-inner\">\n\t\t\t\t<div class=\"elementor-element elementor-element-2bda737 standout bg-violette elementor-widget elementor-widget-heading\" data-id=\"2bda737\" data-element_type=\"widget\" data-widget_type=\"heading.default\">\n\t\t\t\t<div class=\"elementor-widget-container\">\n\t\t\t\t\t<h2 class=\"elementor-heading-title elementor-size-default\"><a href=\"https:\/\/staging.mass-voll.ch\/spenden\/\">Faire un don<\/a><\/h2>\t\t\t\t<\/div>\n\t\t\t\t<\/div>\n\t\t\t\t<div class=\"elementor-element elementor-element-c659f5e standout bg-violette elementor-widget elementor-widget-heading\" data-id=\"c659f5e\" data-element_type=\"widget\" data-widget_type=\"heading.default\">\n\t\t\t\t<div class=\"elementor-widget-container\">\n\t\t\t\t\t<h2 class=\"elementor-heading-title elementor-size-default\"><a href=\"https:\/\/staging.mass-voll.ch\/mitglied-werden\/\">Devenir membre<\/a><\/h2>\t\t\t\t<\/div>\n\t\t\t\t<\/div>\n\t\t\t\t<div class=\"elementor-element elementor-element-bedd064 standout bg-violette elementor-widget elementor-widget-heading\" data-id=\"bedd064\" data-element_type=\"widget\" data-widget_type=\"heading.default\">\n\t\t\t\t<div class=\"elementor-widget-container\">\n\t\t\t\t\t<h2 class=\"elementor-heading-title elementor-size-default\"><a href=\"https:\/\/staging.mass-voll.ch\/fr\/cadre-de-photo-de-profil\/\">Cadre de photo de profil<\/a><\/h2>\t\t\t\t<\/div>\n\t\t\t\t<\/div>\n\t\t\t\t\t<\/div>\n\t\t\t\t<\/div>\n\t\t\t\t<\/div>\n\t\t\t\t<\/div>\n\t\t\t\t\t<\/div>\n\t\t\t\t<\/div>\n\t\t\t\t<\/div>\n\t\t\t\t<\/div>\n\t\t\t\t\t\t<\/div>\n\t\t\t\t<\/div>\n\t\t\t\t<\/div>\n\t\t\t\t<\/div>\n\t\t","protected":false},"excerpt":{"rendered":"<p>so w\u00e4hlen Sie richtig: Nationalratswahlen:Couvert \u00f6ffnen:\u00a0Die\u00a0Liste \u00abMASS-VOLL! Bewegung f\u00fcr Freiheit, Souver\u00e4nit\u00e4t und Grundrechte\u00bb\u00a0Ihres Kantons*\u00a0ausw\u00e4hlen und abtrennen.\u00dcbrige Listen ins Altpapier werfen.Achtung: Nur die MASS-VOLL!-Liste\u00a0verwenden.Nur eine Liste nutzen, sonst ist Ihre Stimme ungu\u0308ltig! Wichtig: Stimmrechtsausweis unterschreiben.Sonst ist Ihre Stimme ungu\u0308ltig! Die unver\u00e4nderte MASS-VOLL!-Liste Ihres Kantons fu\u0308r den Nationalrat in das kleine Couvert legen, dieses verschliessen. Das kleine [&hellip;]<\/p>\n","protected":false},"author":1,"featured_media":0,"parent":0,"menu_order":2,"comment_status":"closed","ping_status":"closed","template":"","meta":{"_acf_changed":false,"footnotes":""},"class_list":["post-11628","page","type-page","status-publish","hentry"],"acf":[],"yoast_head":"<!-- This site is optimized with the Yoast SEO plugin v25.3.1 - https:\/\/yoast.com\/wordpress\/plugins\/seo\/ -->\n<title>Wahlanleitung - MASS-VOLL!<\/title>\n<meta name=\"robots\" content=\"noindex, follow, max-snippet:-1, max-image-preview:large, max-video-preview:-1\" \/>\n<meta property=\"og:locale\" content=\"fr_FR\" \/>\n<meta property=\"og:type\" content=\"article\" \/>\n<meta property=\"og:title\" content=\"Wahlanleitung\" \/>\n<meta property=\"og:description\" content=\"Wahlanleitung\" \/>\n<meta property=\"og:url\" content=\"https:\/\/staging.mass-voll.ch\/fr\/wahlanleitung\/\" \/>\n<meta property=\"og:site_name\" content=\"MASS-VOLL!\" \/>\n<meta property=\"article:modified_time\" content=\"2023-10-15T11:10:54+00:00\" \/>\n<meta property=\"og:image\" content=\"https:\/\/staging.mass-voll.ch\/wp-content\/uploads\/2023\/09\/wahlanleitung-opengraph-1.jpg\" \/>\n\t<meta property=\"og:image:width\" content=\"2560\" \/>\n\t<meta property=\"og:image:height\" content=\"1342\" \/>\n\t<meta property=\"og:image:type\" content=\"image\/jpeg\" \/>\n<meta name=\"twitter:card\" content=\"summary_large_image\" \/>\n<meta name=\"twitter:title\" content=\"Wahlanleitung\" \/>\n<meta name=\"twitter:description\" content=\"Wahlanleitung\" \/>\n<meta name=\"twitter:image\" content=\"https:\/\/staging.mass-voll.ch\/wp-content\/uploads\/2023\/09\/wahlanleitung-opengraph-1.jpg\" \/>\n<meta name=\"twitter:label1\" content=\"Dur\u00e9e de lecture estim\u00e9e\" \/>\n\t<meta name=\"twitter:data1\" content=\"2 minutes\" \/>\n<script type=\"application\/ld+json\" class=\"yoast-schema-graph\">{\"@context\":\"https:\/\/schema.org\",\"@graph\":[{\"@type\":\"WebPage\",\"@id\":\"https:\/\/staging.mass-voll.ch\/fr\/wahlanleitung\/\",\"url\":\"https:\/\/staging.mass-voll.ch\/fr\/wahlanleitung\/\",\"name\":\"Wahlanleitung - MASS-VOLL!\",\"isPartOf\":{\"@id\":\"https:\/\/staging.mass-voll.ch\/#website\"},\"primaryImageOfPage\":{\"@id\":\"https:\/\/staging.mass-voll.ch\/fr\/wahlanleitung\/#primaryimage\"},\"image\":{\"@id\":\"https:\/\/staging.mass-voll.ch\/fr\/wahlanleitung\/#primaryimage\"},\"thumbnailUrl\":\"https:\/\/staging.mass-voll.ch\/wp-content\/uploads\/2023\/10\/Wahzettel_ZH-1024x815.png\",\"datePublished\":\"2023-09-29T10:19:52+00:00\",\"dateModified\":\"2023-10-15T11:10:54+00:00\",\"breadcrumb\":{\"@id\":\"https:\/\/staging.mass-voll.ch\/fr\/wahlanleitung\/#breadcrumb\"},\"inLanguage\":\"fr-FR\",\"potentialAction\":[{\"@type\":\"ReadAction\",\"target\":[\"https:\/\/staging.mass-voll.ch\/fr\/wahlanleitung\/\"]}]},{\"@type\":\"ImageObject\",\"inLanguage\":\"fr-FR\",\"@id\":\"https:\/\/staging.mass-voll.ch\/fr\/wahlanleitung\/#primaryimage\",\"url\":\"https:\/\/staging.mass-voll.ch\/wp-content\/uploads\/2023\/10\/Wahzettel_ZH-1024x815.png\",\"contentUrl\":\"https:\/\/staging.mass-voll.ch\/wp-content\/uploads\/2023\/10\/Wahzettel_ZH-1024x815.png\"},{\"@type\":\"BreadcrumbList\",\"@id\":\"https:\/\/staging.mass-voll.ch\/fr\/wahlanleitung\/#breadcrumb\",\"itemListElement\":[{\"@type\":\"ListItem\",\"position\":1,\"name\":\"Startseite\",\"item\":\"https:\/\/staging.mass-voll.ch\/fr\/\"},{\"@type\":\"ListItem\",\"position\":2,\"name\":\"Wahlanleitung\"}]},{\"@type\":\"WebSite\",\"@id\":\"https:\/\/staging.mass-voll.ch\/#website\",\"url\":\"https:\/\/staging.mass-voll.ch\/\",\"name\":\"MASS-VOLL!\",\"description\":\"\",\"publisher\":{\"@id\":\"https:\/\/staging.mass-voll.ch\/#organization\"},\"potentialAction\":[{\"@type\":\"SearchAction\",\"target\":{\"@type\":\"EntryPoint\",\"urlTemplate\":\"https:\/\/staging.mass-voll.ch\/?s={search_term_string}\"},\"query-input\":{\"@type\":\"PropertyValueSpecification\",\"valueRequired\":true,\"valueName\":\"search_term_string\"}}],\"inLanguage\":\"fr-FR\"},{\"@type\":\"Organization\",\"@id\":\"https:\/\/staging.mass-voll.ch\/#organization\",\"name\":\"MASS-VOLL!\",\"url\":\"https:\/\/staging.mass-voll.ch\/\",\"logo\":{\"@type\":\"ImageObject\",\"inLanguage\":\"fr-FR\",\"@id\":\"https:\/\/staging.mass-voll.ch\/#\/schema\/logo\/image\/\",\"url\":\"https:\/\/staging.mass-voll.ch\/wp-content\/uploads\/2023\/06\/LogoMV.svg\",\"contentUrl\":\"https:\/\/staging.mass-voll.ch\/wp-content\/uploads\/2023\/06\/LogoMV.svg\",\"width\":14217,\"height\":2611,\"caption\":\"MASS-VOLL!\"},\"image\":{\"@id\":\"https:\/\/staging.mass-voll.ch\/#\/schema\/logo\/image\/\"}}]}<\/script>\n<!-- \/ Yoast SEO plugin. -->","yoast_head_json":{"title":"Wahlanleitung - MASS-VOLL!","robots":{"index":"noindex","follow":"follow","max-snippet":"max-snippet:-1","max-image-preview":"max-image-preview:large","max-video-preview":"max-video-preview:-1"},"og_locale":"fr_FR","og_type":"article","og_title":"Wahlanleitung","og_description":"Wahlanleitung","og_url":"https:\/\/staging.mass-voll.ch\/fr\/wahlanleitung\/","og_site_name":"MASS-VOLL!","article_modified_time":"2023-10-15T11:10:54+00:00","og_image":[{"width":2560,"height":1342,"url":"https:\/\/staging.mass-voll.ch\/wp-content\/uploads\/2023\/09\/wahlanleitung-opengraph-1.jpg","type":"image\/jpeg"}],"twitter_card":"summary_large_image","twitter_title":"Wahlanleitung","twitter_description":"Wahlanleitung","twitter_image":"https:\/\/staging.mass-voll.ch\/wp-content\/uploads\/2023\/09\/wahlanleitung-opengraph-1.jpg","twitter_misc":{"Dur\u00e9e de lecture estim\u00e9e":"2 minutes"},"schema":{"@context":"https:\/\/schema.org","@graph":[{"@type":"WebPage","@id":"https:\/\/staging.mass-voll.ch\/fr\/wahlanleitung\/","url":"https:\/\/staging.mass-voll.ch\/fr\/wahlanleitung\/","name":"Wahlanleitung - MASS-VOLL!","isPartOf":{"@id":"https:\/\/staging.mass-voll.ch\/#website"},"primaryImageOfPage":{"@id":"https:\/\/staging.mass-voll.ch\/fr\/wahlanleitung\/#primaryimage"},"image":{"@id":"https:\/\/staging.mass-voll.ch\/fr\/wahlanleitung\/#primaryimage"},"thumbnailUrl":"https:\/\/staging.mass-voll.ch\/wp-content\/uploads\/2023\/10\/Wahzettel_ZH-1024x815.png","datePublished":"2023-09-29T10:19:52+00:00","dateModified":"2023-10-15T11:10:54+00:00","breadcrumb":{"@id":"https:\/\/staging.mass-voll.ch\/fr\/wahlanleitung\/#breadcrumb"},"inLanguage":"fr-FR","potentialAction":[{"@type":"ReadAction","target":["https:\/\/staging.mass-voll.ch\/fr\/wahlanleitung\/"]}]},{"@type":"ImageObject","inLanguage":"fr-FR","@id":"https:\/\/staging.mass-voll.ch\/fr\/wahlanleitung\/#primaryimage","url":"https:\/\/staging.mass-voll.ch\/wp-content\/uploads\/2023\/10\/Wahzettel_ZH-1024x815.png","contentUrl":"https:\/\/staging.mass-voll.ch\/wp-content\/uploads\/2023\/10\/Wahzettel_ZH-1024x815.png"},{"@type":"BreadcrumbList","@id":"https:\/\/staging.mass-voll.ch\/fr\/wahlanleitung\/#breadcrumb","itemListElement":[{"@type":"ListItem","position":1,"name":"Startseite","item":"https:\/\/staging.mass-voll.ch\/fr\/"},{"@type":"ListItem","position":2,"name":"Wahlanleitung"}]},{"@type":"WebSite","@id":"https:\/\/staging.mass-voll.ch\/#website","url":"https:\/\/staging.mass-voll.ch\/","name":"MASS-VOLL!","description":"","publisher":{"@id":"https:\/\/staging.mass-voll.ch\/#organization"},"potentialAction":[{"@type":"SearchAction","target":{"@type":"EntryPoint","urlTemplate":"https:\/\/staging.mass-voll.ch\/?s={search_term_string}"},"query-input":{"@type":"PropertyValueSpecification","valueRequired":true,"valueName":"search_term_string"}}],"inLanguage":"fr-FR"},{"@type":"Organization","@id":"https:\/\/staging.mass-voll.ch\/#organization","name":"MASS-VOLL!","url":"https:\/\/staging.mass-voll.ch\/","logo":{"@type":"ImageObject","inLanguage":"fr-FR","@id":"https:\/\/staging.mass-voll.ch\/#\/schema\/logo\/image\/","url":"https:\/\/staging.mass-voll.ch\/wp-content\/uploads\/2023\/06\/LogoMV.svg","contentUrl":"https:\/\/staging.mass-voll.ch\/wp-content\/uploads\/2023\/06\/LogoMV.svg","width":14217,"height":2611,"caption":"MASS-VOLL!"},"image":{"@id":"https:\/\/staging.mass-voll.ch\/#\/schema\/logo\/image\/"}}]}},"_links":{"self":[{"href":"https:\/\/staging.mass-voll.ch\/fr\/wp-json\/wp\/v2\/pages\/11628","targetHints":{"allow":["GET"]}}],"collection":[{"href":"https:\/\/staging.mass-voll.ch\/fr\/wp-json\/wp\/v2\/pages"}],"about":[{"href":"https:\/\/staging.mass-voll.ch\/fr\/wp-json\/wp\/v2\/types\/page"}],"author":[{"embeddable":true,"href":"https:\/\/staging.mass-voll.ch\/fr\/wp-json\/wp\/v2\/users\/1"}],"replies":[{"embeddable":true,"href":"https:\/\/staging.mass-voll.ch\/fr\/wp-json\/wp\/v2\/comments?post=11628"}],"version-history":[{"count":0,"href":"https:\/\/staging.mass-voll.ch\/fr\/wp-json\/wp\/v2\/pages\/11628\/revisions"}],"wp:attachment":[{"href":"https:\/\/staging.mass-voll.ch\/fr\/wp-json\/wp\/v2\/media?parent=11628"}],"curies":[{"name":"wp","href":"https:\/\/api.w.org\/{rel}","templated":true}]}}